{"id":1566,"date":"2025-08-29T12:17:14","date_gmt":"2025-08-29T10:17:14","guid":{"rendered":"https:\/\/www.itpartner.si\/?page_id=1566"},"modified":"2025-08-29T12:36:36","modified_gmt":"2025-08-29T10:36:36","slug":"e-racun","status":"publish","type":"page","link":"https:\/\/www.itpartner.si\/de\/e-racun\/","title":{"rendered":"E-ra\u010dun"},"content":{"rendered":"<div id=\"pl-1566\"  class=\"panel-layout\" ><div id=\"pg-1566-0\"  class=\"panel-grid panel-has-style\" ><div style=\"padding: 100px 0; \" data-overlay=\"true\" class=\"panel-row-style panel-row-style-for-1566-0\" ><div id=\"pgc-1566-0-0\"  class=\"panel-grid-cell\" ><div id=\"panel-1566-0-0-0\" class=\"so-panel widget widget_sow-editor panel-first-child panel-last-child\" data-index=\"0\" ><div style=\"text-align: left;\" data-title-color=\"#443f3f\" data-headings-color=\"#443f3f\" class=\"panel-widget-style panel-widget-style-for-1566-0-0-0\" ><div\n\t\t\t\n\t\t\tclass=\"so-widget-sow-editor so-widget-sow-editor-base\"\n\t\t\t\n\t\t>\n<div class=\"siteorigin-widget-tinymce textwidget\">\n\t<p><a href=\"https:\/\/www.itpartner.si\/wp-content\/uploads\/2025\/08\/Vloga-za-e-racun.pdf\">Vloga za izdajo, spremembo ali odjavo od prejemanja e-ra\u010duna<\/a> (PDF; 0,21 MB)<\/p>\n<p><a href=\"https:\/\/www.itpartner.si\/wp-content\/uploads\/2025\/08\/Splosni-pogoji-e-racun.pdf\">Splo\u0161ni pogoji za poslovanje z e-ra\u010dunom<\/a> (PDF; 0,20 MB)<\/p>\n<\/div>\n<\/div><\/div><\/div><\/div><\/div><\/div><\/div>","protected":false},"excerpt":{"rendered":"<p>Vloga za izdajo, spremembo ali odjavo od prejemanja e-ra\u010duna (PDF; 0,21 MB) Splo\u0161ni pogoji za poslovanje z e-ra\u010dunom (PDF; 0,20 MB)<\/p>","protected":false},"author":1,"featured_media":0,"parent":0,"menu_order":0,"comment_status":"closed","ping_status":"closed","template":"page-templates\/page_fullwidth.php","meta":{"om_disable_all_campaigns":false,"_monsterinsights_skip_tracking":false,"_monsterinsights_sitenote_active":false,"_monsterinsights_sitenote_note":"","_monsterinsights_sitenote_category":0,"_maio_target_audience":"","_maio_content_type":"","_maio_primary_entity":"","_maio_canonical_url":"","_maio_last_updated":"","_maio_author":"","_maio_content_intent":"","_maio_ai_generated":"","footnotes":""},"class_list":["post-1566","page","type-page","status-publish","hentry"],"aioseo_notices":[],"yoast_head":"<!-- This site is optimized with the Yoast SEO plugin v27.4 - https:\/\/yoast.com\/product\/yoast-seo-wordpress\/ -->\n<title>E-ra\u010dun - ITPartner d.o.o.<\/title>\n<meta name=\"robots\" content=\"index, follow, max-snippet:-1, max-image-preview:large, max-video-preview:-1\" \/>\n<link rel=\"canonical\" href=\"https:\/\/www.itpartner.si\/de\/e-racun\/\" \/>\n<meta property=\"og:locale\" content=\"de_DE\" \/>\n<meta property=\"og:type\" content=\"article\" \/>\n<meta property=\"og:title\" content=\"E-ra\u010dun - ITPartner d.o.o.\" \/>\n<meta property=\"og:description\" content=\"Vloga za izdajo, spremembo ali odjavo od prejemanja e-ra\u010duna (PDF; 0,21 MB) Splo\u0161ni pogoji za poslovanje z e-ra\u010dunom (PDF; 0,20 MB)\" \/>\n<meta property=\"og:url\" content=\"https:\/\/www.itpartner.si\/de\/e-racun\/\" \/>\n<meta property=\"og:site_name\" content=\"ITPartner d.o.o.\" \/>\n<meta property=\"article:publisher\" content=\"https:\/\/www.facebook.com\/ITPartner.doo\" \/>\n<meta property=\"article:modified_time\" content=\"2025-08-29T10:36:36+00:00\" \/>\n<meta name=\"twitter:card\" content=\"summary_large_image\" \/>\n<meta name=\"twitter:label1\" content=\"Gesch\u00e4tzte Lesezeit\" \/>\n\t<meta name=\"twitter:data1\" content=\"1\u00a0Minute\" \/>\n<script type=\"application\/ld+json\" class=\"yoast-schema-graph\">{\"@context\":\"https:\\\/\\\/schema.org\",\"@graph\":[{\"@type\":\"WebPage\",\"@id\":\"https:\\\/\\\/www.itpartner.si\\\/e-racun\\\/\",\"url\":\"https:\\\/\\\/www.itpartner.si\\\/e-racun\\\/\",\"name\":\"E-ra\u010dun - ITPartner d.o.o.\",\"isPartOf\":{\"@id\":\"https:\\\/\\\/www.itpartner.si\\\/#website\"},\"datePublished\":\"2025-08-29T10:17:14+00:00\",\"dateModified\":\"2025-08-29T10:36:36+00:00\",\"breadcrumb\":{\"@id\":\"https:\\\/\\\/www.itpartner.si\\\/e-racun\\\/#breadcrumb\"},\"inLanguage\":\"de\",\"potentialAction\":[{\"@type\":\"ReadAction\",\"target\":[\"https:\\\/\\\/www.itpartner.si\\\/e-racun\\\/\"]}]},{\"@type\":\"BreadcrumbList\",\"@id\":\"https:\\\/\\\/www.itpartner.si\\\/e-racun\\\/#breadcrumb\",\"itemListElement\":[{\"@type\":\"ListItem\",\"position\":1,\"name\":\"Home\",\"item\":\"https:\\\/\\\/www.itpartner.si\\\/\"},{\"@type\":\"ListItem\",\"position\":2,\"name\":\"E-ra\u010dun\"}]},{\"@type\":\"WebSite\",\"@id\":\"https:\\\/\\\/www.itpartner.si\\\/#website\",\"url\":\"https:\\\/\\\/www.itpartner.si\\\/\",\"name\":\"ITPartner d.o.o.\",\"description\":\"Va\u0161e sanje. Na\u0161a strast.\",\"publisher\":{\"@id\":\"https:\\\/\\\/www.itpartner.si\\\/#organization\"},\"potentialAction\":[{\"@type\":\"SearchAction\",\"target\":{\"@type\":\"EntryPoint\",\"urlTemplate\":\"https:\\\/\\\/www.itpartner.si\\\/?s={search_term_string}\"},\"query-input\":{\"@type\":\"PropertyValueSpecification\",\"valueRequired\":true,\"valueName\":\"search_term_string\"}}],\"inLanguage\":\"de\"},{\"@type\":\"Organization\",\"@id\":\"https:\\\/\\\/www.itpartner.si\\\/#organization\",\"name\":\"ITPartner d.o.o.\",\"url\":\"https:\\\/\\\/www.itpartner.si\\\/\",\"logo\":{\"@type\":\"ImageObject\",\"inLanguage\":\"de\",\"@id\":\"https:\\\/\\\/www.itpartner.si\\\/#\\\/schema\\\/logo\\\/image\\\/\",\"url\":\"https:\\\/\\\/www.itpartner.si\\\/wp-content\\\/uploads\\\/2016\\\/12\\\/cropped-ITPartner-LinkInLogo-1.png\",\"contentUrl\":\"https:\\\/\\\/www.itpartner.si\\\/wp-content\\\/uploads\\\/2016\\\/12\\\/cropped-ITPartner-LinkInLogo-1.png\",\"width\":512,\"height\":512,\"caption\":\"ITPartner d.o.o.\"},\"image\":{\"@id\":\"https:\\\/\\\/www.itpartner.si\\\/#\\\/schema\\\/logo\\\/image\\\/\"},\"sameAs\":[\"https:\\\/\\\/www.facebook.com\\\/ITPartner.doo\",\"https:\\\/\\\/www.linkedin.com\\\/company\\\/10126897\\\/\"]}]}<\/script>\n<!-- \/ Yoast SEO plugin. -->","yoast_head_json":{"title":"E-ra\u010dun - ITPartner d.o.o.","robots":{"index":"index","follow":"follow","max-snippet":"max-snippet:-1","max-image-preview":"max-image-preview:large","max-video-preview":"max-video-preview:-1"},"canonical":"https:\/\/www.itpartner.si\/de\/e-racun\/","og_locale":"de_DE","og_type":"article","og_title":"E-ra\u010dun - ITPartner d.o.o.","og_description":"Vloga za izdajo, spremembo ali odjavo od prejemanja e-ra\u010duna (PDF; 0,21 MB) Splo\u0161ni pogoji za poslovanje z e-ra\u010dunom (PDF; 0,20 MB)","og_url":"https:\/\/www.itpartner.si\/de\/e-racun\/","og_site_name":"ITPartner d.o.o.","article_publisher":"https:\/\/www.facebook.com\/ITPartner.doo","article_modified_time":"2025-08-29T10:36:36+00:00","twitter_card":"summary_large_image","twitter_misc":{"Gesch\u00e4tzte Lesezeit":"1\u00a0Minute"},"schema":{"@context":"https:\/\/schema.org","@graph":[{"@type":"WebPage","@id":"https:\/\/www.itpartner.si\/e-racun\/","url":"https:\/\/www.itpartner.si\/e-racun\/","name":"E-ra\u010dun - ITPartner d.o.o.","isPartOf":{"@id":"https:\/\/www.itpartner.si\/#website"},"datePublished":"2025-08-29T10:17:14+00:00","dateModified":"2025-08-29T10:36:36+00:00","breadcrumb":{"@id":"https:\/\/www.itpartner.si\/e-racun\/#breadcrumb"},"inLanguage":"de","potentialAction":[{"@type":"ReadAction","target":["https:\/\/www.itpartner.si\/e-racun\/"]}]},{"@type":"BreadcrumbList","@id":"https:\/\/www.itpartner.si\/e-racun\/#breadcrumb","itemListElement":[{"@type":"ListItem","position":1,"name":"Home","item":"https:\/\/www.itpartner.si\/"},{"@type":"ListItem","position":2,"name":"E-ra\u010dun"}]},{"@type":"WebSite","@id":"https:\/\/www.itpartner.si\/#website","url":"https:\/\/www.itpartner.si\/","name":"ITPartner d.o.o.","description":"Va\u0161e sanje. Na\u0161a strast.","publisher":{"@id":"https:\/\/www.itpartner.si\/#organization"},"potentialAction":[{"@type":"SearchAction","target":{"@type":"EntryPoint","urlTemplate":"https:\/\/www.itpartner.si\/?s={search_term_string}"},"query-input":{"@type":"PropertyValueSpecification","valueRequired":true,"valueName":"search_term_string"}}],"inLanguage":"de"},{"@type":"Organization","@id":"https:\/\/www.itpartner.si\/#organization","name":"ITPartner d.o.o.","url":"https:\/\/www.itpartner.si\/","logo":{"@type":"ImageObject","inLanguage":"de","@id":"https:\/\/www.itpartner.si\/#\/schema\/logo\/image\/","url":"https:\/\/www.itpartner.si\/wp-content\/uploads\/2016\/12\/cropped-ITPartner-LinkInLogo-1.png","contentUrl":"https:\/\/www.itpartner.si\/wp-content\/uploads\/2016\/12\/cropped-ITPartner-LinkInLogo-1.png","width":512,"height":512,"caption":"ITPartner d.o.o."},"image":{"@id":"https:\/\/www.itpartner.si\/#\/schema\/logo\/image\/"},"sameAs":["https:\/\/www.facebook.com\/ITPartner.doo","https:\/\/www.linkedin.com\/company\/10126897\/"]}]}},"_links":{"self":[{"href":"https:\/\/www.itpartner.si\/de\/wp-json\/wp\/v2\/pages\/1566","targetHints":{"allow":["GET"]}}],"collection":[{"href":"https:\/\/www.itpartner.si\/de\/wp-json\/wp\/v2\/pages"}],"about":[{"href":"https:\/\/www.itpartner.si\/de\/wp-json\/wp\/v2\/types\/page"}],"author":[{"embeddable":true,"href":"https:\/\/www.itpartner.si\/de\/wp-json\/wp\/v2\/users\/1"}],"replies":[{"embeddable":true,"href":"https:\/\/www.itpartner.si\/de\/wp-json\/wp\/v2\/comments?post=1566"}],"version-history":[{"count":0,"href":"https:\/\/www.itpartner.si\/de\/wp-json\/wp\/v2\/pages\/1566\/revisions"}],"wp:attachment":[{"href":"https:\/\/www.itpartner.si\/de\/wp-json\/wp\/v2\/media?parent=1566"}],"curies":[{"name":"wp","href":"https:\/\/api.w.org\/{rel}","templated":true}]}}