{"id":550,"date":"2016-12-20T13:22:05","date_gmt":"2016-12-20T12:22:05","guid":{"rendered":"https:\/\/www.itpartner.si\/?page_id=550"},"modified":"2024-01-30T00:17:04","modified_gmt":"2024-01-29T23:17:04","slug":"storitve-microsoft-crm-dynamics-sharepoint","status":"publish","type":"page","link":"https:\/\/www.itpartner.si\/de\/storitve-microsoft-crm-dynamics-sharepoint\/","title":{"rendered":"Re\u0161itve za Microsoft storitve"},"content":{"rendered":"<div id=\"pl-550\"  class=\"panel-layout\" ><div id=\"pg-550-0\"  class=\"panel-grid panel-has-style\" ><div style=\"padding: 100px 0; \" data-overlay=\"true\" class=\"panel-row-style panel-row-style-for-550-0\" ><div id=\"pgc-550-0-0\"  class=\"panel-grid-cell\" ><div id=\"panel-550-0-0-0\" class=\"so-panel widget widget_sow-editor panel-first-child panel-last-child\" data-index=\"0\" ><div style=\"text-align: left;\" data-title-color=\"#443f3f\" data-headings-color=\"#443f3f\" class=\"panel-widget-style panel-widget-style-for-550-0-0-0\" ><div\n\t\t\t\n\t\t\tclass=\"so-widget-sow-editor so-widget-sow-editor-base\"\n\t\t\t\n\t\t><h3 class=\"widget-title\">Microsoft Dynamics CRM<\/h3>\n<div class=\"siteorigin-widget-tinymce textwidget\">\n\t<p>Pristen in kakovosten odnos do <strong>kupcev<\/strong> in <strong>strank<\/strong> ter u\u010dinkovito <strong>vodenje<\/strong> teh <strong>odnosov<\/strong> je del <strong>sodobnega<\/strong> <strong>poslovanja<\/strong> in hkrati <strong>velika<\/strong> <strong>prednost<\/strong> pred <strong>konkurenco<\/strong>. Zato vam <strong>ponujamo<\/strong> ve\u010d razli\u010dnih oblik Microsoft Dynamics CRM <strong>re\u0161itev<\/strong> s katerimi si boste lahko ustvarili <strong>celovito<\/strong> <strong>sliko<\/strong> o svojih <strong>obstoje\u010dih<\/strong> in <strong>potencialnih<\/strong> <strong>strankah<\/strong> hkrati pa <strong>izmerili<\/strong> in <strong>spremljali<\/strong> u\u010dinkovitost <strong>tr\u017eenja<\/strong> in <strong>prodaje<\/strong> ter tako ustvarili <strong>dolgotrajna<\/strong> <strong>poslovna<\/strong> <strong>razmerja<\/strong>, ki temeljijo na <strong>varnosti<\/strong>, <strong>zaupanju<\/strong> in <strong>vrhunskemu<\/strong> <strong>znanju<\/strong>.<\/p>\n<p>Izdelujemo <strong>sinhronizacije<\/strong>, <strong>vti\u010dnike<\/strong>, <strong>re\u0161itve<\/strong> s katerimi se <strong>povezujemo<\/strong> v <strong>obstoje\u010do<\/strong> IT <strong>infrastrukturo<\/strong> in tako <strong>pove\u017eemo<\/strong> <strong>obstoje\u010de<\/strong> <strong>sisteme<\/strong> z Microsoft Dynamics CRM.<\/p>\n<\/div>\n<\/div><\/div><\/div><\/div><div id=\"pgc-550-0-1\"  class=\"panel-grid-cell\" ><div id=\"panel-550-0-1-0\" class=\"so-panel widget widget_sow-image panel-first-child panel-last-child\" data-index=\"1\" ><div style=\"text-align: left;\" data-title-color=\"#443f3f\" data-headings-color=\"#443f3f\" class=\"panel-widget-style panel-widget-style-for-550-0-1-0\" ><div\n\t\t\t\n\t\t\tclass=\"so-widget-sow-image so-widget-sow-image-default-dbf295114b96-550\"\n\t\t\t\n\t\t>\n<div class=\"sow-image-container\">\n\t\t<img \n\tsrc=\"https:\/\/www.itpartner.si\/wp-content\/uploads\/2016\/12\/MS-CRM.jpg\" width=\"540\" height=\"399\" srcset=\"https:\/\/www.itpartner.si\/wp-content\/uploads\/2016\/12\/MS-CRM.jpg 540w, https:\/\/www.itpartner.si\/wp-content\/uploads\/2016\/12\/MS-CRM-300x222.jpg 300w, https:\/\/www.itpartner.si\/wp-content\/uploads\/2016\/12\/MS-CRM-230x170.jpg 230w, https:\/\/www.itpartner.si\/wp-content\/uploads\/2016\/12\/MS-CRM-350x259.jpg 350w, https:\/\/www.itpartner.si\/wp-content\/uploads\/2016\/12\/MS-CRM-480x355.jpg 480w\" sizes=\"(max-width: 540px) 100vw, 540px\" alt=\"\" \t\tclass=\"so-widget-image\"\/>\n\t<\/div>\n\n<\/div><\/div><\/div><\/div><\/div><\/div><div id=\"pg-550-1\"  class=\"panel-grid panel-has-style\" ><div style=\"padding: 100px 0; \" data-overlay=\"true\" class=\"panel-row-style panel-row-style-for-550-1\" ><div id=\"pgc-550-1-0\"  class=\"panel-grid-cell\" ><div id=\"panel-550-1-0-0\" class=\"so-panel widget widget_sow-image panel-first-child panel-last-child\" data-index=\"2\" ><div style=\"text-align: left;\" data-title-color=\"#443f3f\" data-headings-color=\"#443f3f\" class=\"panel-widget-style panel-widget-style-for-550-1-0-0\" ><div\n\t\t\t\n\t\t\tclass=\"so-widget-sow-image so-widget-sow-image-default-dbf295114b96-550\"\n\t\t\t\n\t\t>\n<div class=\"sow-image-container\">\n\t\t<img \n\tsrc=\"https:\/\/www.itpartner.si\/wp-content\/uploads\/2016\/12\/SharePoint.jpg\" width=\"540\" height=\"399\" srcset=\"https:\/\/www.itpartner.si\/wp-content\/uploads\/2016\/12\/SharePoint.jpg 540w, https:\/\/www.itpartner.si\/wp-content\/uploads\/2016\/12\/SharePoint-300x222.jpg 300w, https:\/\/www.itpartner.si\/wp-content\/uploads\/2016\/12\/SharePoint-230x170.jpg 230w, https:\/\/www.itpartner.si\/wp-content\/uploads\/2016\/12\/SharePoint-350x259.jpg 350w, https:\/\/www.itpartner.si\/wp-content\/uploads\/2016\/12\/SharePoint-480x355.jpg 480w\" sizes=\"(max-width: 540px) 100vw, 540px\" alt=\"\" \t\tclass=\"so-widget-image\"\/>\n\t<\/div>\n\n<\/div><\/div><\/div><\/div><div id=\"pgc-550-1-1\"  class=\"panel-grid-cell\" ><div id=\"panel-550-1-1-0\" class=\"so-panel widget widget_sow-editor panel-first-child panel-last-child\" data-index=\"3\" ><div style=\"text-align: left;\" data-title-color=\"#443f3f\" data-headings-color=\"#443f3f\" class=\"panel-widget-style panel-widget-style-for-550-1-1-0\" ><div\n\t\t\t\n\t\t\tclass=\"so-widget-sow-editor so-widget-sow-editor-base\"\n\t\t\t\n\t\t><h3 class=\"widget-title\">Microsoft SharePoint<\/h3>\n<div class=\"siteorigin-widget-tinymce textwidget\">\n\t<p><strong>Ve\u010dnamenska<\/strong> platforma Microsoft SharePoint, omogo\u010da oblikovanje <strong>spletnih<\/strong> <strong>mest<\/strong>, ki zagotavljajo enostaven prenos znanja ter u\u010dinkovito <strong>izmenjavo<\/strong> <strong>informacij<\/strong> in <strong>idej<\/strong> med <strong>zaposlenimi<\/strong> in <strong>delovnimi<\/strong> <strong>skupinami<\/strong> v <strong>podjetju<\/strong>.<\/p>\n<p>Z na\u0161imi Microsoft SharePoint <strong>re\u0161itvami<\/strong> bo va\u0161e podjetje <strong>pridobilo<\/strong> celovit pregled nad <strong>opravljanjem<\/strong> <strong>nalog<\/strong> <strong>zaposlenih<\/strong>, njihovih <strong>rezultatih<\/strong> ter <strong>te\u017eavah<\/strong>. \u010cas vpeljevanja zaposlenih v <strong>delovne<\/strong> <strong>procese<\/strong> se bo <strong>skraj\u0161al<\/strong> in <strong>u\u010dinkovitost<\/strong> <strong>zaposlenega<\/strong> hitreje <strong>dose\u017eena<\/strong>. Mo\u017ena in enostavna je integracija obrazcev, Outlook koledarjev, Excel obrazcev, Word dokumentov, PDF arhiva dokumentov, galerije slik, oblikovanje delovnih tokov in drugih re\u0161itev glede na <strong>potrebe<\/strong> <strong>poslovanja<\/strong> <strong>podjetja<\/strong>.<\/p>\n<p>Izdelujemo <strong>sinhronizacije<\/strong>, <strong>vti\u010dnike<\/strong>, re\u0161itve s katerimi se <strong>povezujemo<\/strong> v <strong>obstoje\u010do<\/strong> IT <strong>infrastrukturo<\/strong> in tako <strong>pove\u017eemo<\/strong> <strong>obstoje\u010de<\/strong> <strong>sisteme<\/strong> z Microsoft SharePoint.<\/p>\n<\/div>\n<\/div><\/div><\/div><\/div><\/div><\/div><\/div>","protected":false},"excerpt":{"rendered":"<p>Pristen in kakovosten odnos do kupcev in strank ter u\u010dinkovito vodenje teh odnosov je del sodobnega poslovanja in hkrati velika prednost pred [&hellip;]<\/p>\n","protected":false},"author":1,"featured_media":0,"parent":0,"menu_order":0,"comment_status":"closed","ping_status":"closed","template":"page-templates\/page_fullwidth.php","meta":{"om_disable_all_campaigns":false,"_monsterinsights_skip_tracking":false,"_monsterinsights_sitenote_active":false,"_monsterinsights_sitenote_note":"","_monsterinsights_sitenote_category":0,"_maio_target_audience":"","_maio_content_type":"","_maio_primary_entity":"","_maio_canonical_url":"","_maio_last_updated":"","_maio_author":"","_maio_content_intent":"","_maio_ai_generated":"","footnotes":""},"class_list":["post-550","page","type-page","status-publish","hentry"],"aioseo_notices":[],"yoast_head":"<!-- This site is optimized with the Yoast SEO plugin v27.4 - https:\/\/yoast.com\/product\/yoast-seo-wordpress\/ -->\n<title>Re\u0161itve za Microsoft storitve - ITPartner d.o.o.<\/title>\n<meta name=\"robots\" content=\"index, follow, max-snippet:-1, max-image-preview:large, max-video-preview:-1\" \/>\n<link rel=\"canonical\" href=\"https:\/\/www.itpartner.si\/de\/storitve-microsoft-crm-dynamics-sharepoint\/\" \/>\n<meta property=\"og:locale\" content=\"de_DE\" \/>\n<meta property=\"og:type\" content=\"article\" \/>\n<meta property=\"og:title\" content=\"Re\u0161itve za Microsoft storitve - ITPartner d.o.o.\" \/>\n<meta property=\"og:description\" content=\"Pristen in kakovosten odnos do kupcev in strank ter u\u010dinkovito vodenje teh odnosov je del sodobnega poslovanja in hkrati velika prednost pred [&hellip;]\" \/>\n<meta property=\"og:url\" content=\"https:\/\/www.itpartner.si\/de\/storitve-microsoft-crm-dynamics-sharepoint\/\" \/>\n<meta property=\"og:site_name\" content=\"ITPartner d.o.o.\" \/>\n<meta property=\"article:publisher\" content=\"https:\/\/www.facebook.com\/ITPartner.doo\" \/>\n<meta property=\"article:modified_time\" content=\"2024-01-29T23:17:04+00:00\" \/>\n<meta name=\"twitter:card\" content=\"summary_large_image\" \/>\n<meta name=\"twitter:label1\" content=\"Gesch\u00e4tzte Lesezeit\" \/>\n\t<meta name=\"twitter:data1\" content=\"1\u00a0Minute\" \/>\n<script type=\"application\/ld+json\" class=\"yoast-schema-graph\">{\"@context\":\"https:\\\/\\\/schema.org\",\"@graph\":[{\"@type\":\"WebPage\",\"@id\":\"https:\\\/\\\/www.itpartner.si\\\/storitve-microsoft-crm-dynamics-sharepoint\\\/\",\"url\":\"https:\\\/\\\/www.itpartner.si\\\/storitve-microsoft-crm-dynamics-sharepoint\\\/\",\"name\":\"Re\u0161itve za Microsoft storitve - ITPartner d.o.o.\",\"isPartOf\":{\"@id\":\"https:\\\/\\\/www.itpartner.si\\\/#website\"},\"datePublished\":\"2016-12-20T12:22:05+00:00\",\"dateModified\":\"2024-01-29T23:17:04+00:00\",\"breadcrumb\":{\"@id\":\"https:\\\/\\\/www.itpartner.si\\\/storitve-microsoft-crm-dynamics-sharepoint\\\/#breadcrumb\"},\"inLanguage\":\"de\",\"potentialAction\":[{\"@type\":\"ReadAction\",\"target\":[\"https:\\\/\\\/www.itpartner.si\\\/storitve-microsoft-crm-dynamics-sharepoint\\\/\"]}]},{\"@type\":\"BreadcrumbList\",\"@id\":\"https:\\\/\\\/www.itpartner.si\\\/storitve-microsoft-crm-dynamics-sharepoint\\\/#breadcrumb\",\"itemListElement\":[{\"@type\":\"ListItem\",\"position\":1,\"name\":\"Home\",\"item\":\"https:\\\/\\\/www.itpartner.si\\\/\"},{\"@type\":\"ListItem\",\"position\":2,\"name\":\"Re\u0161itve za Microsoft storitve\"}]},{\"@type\":\"WebSite\",\"@id\":\"https:\\\/\\\/www.itpartner.si\\\/#website\",\"url\":\"https:\\\/\\\/www.itpartner.si\\\/\",\"name\":\"ITPartner d.o.o.\",\"description\":\"Va\u0161e sanje. Na\u0161a strast.\",\"publisher\":{\"@id\":\"https:\\\/\\\/www.itpartner.si\\\/#organization\"},\"potentialAction\":[{\"@type\":\"SearchAction\",\"target\":{\"@type\":\"EntryPoint\",\"urlTemplate\":\"https:\\\/\\\/www.itpartner.si\\\/?s={search_term_string}\"},\"query-input\":{\"@type\":\"PropertyValueSpecification\",\"valueRequired\":true,\"valueName\":\"search_term_string\"}}],\"inLanguage\":\"de\"},{\"@type\":\"Organization\",\"@id\":\"https:\\\/\\\/www.itpartner.si\\\/#organization\",\"name\":\"ITPartner d.o.o.\",\"url\":\"https:\\\/\\\/www.itpartner.si\\\/\",\"logo\":{\"@type\":\"ImageObject\",\"inLanguage\":\"de\",\"@id\":\"https:\\\/\\\/www.itpartner.si\\\/#\\\/schema\\\/logo\\\/image\\\/\",\"url\":\"https:\\\/\\\/www.itpartner.si\\\/wp-content\\\/uploads\\\/2016\\\/12\\\/cropped-ITPartner-LinkInLogo-1.png\",\"contentUrl\":\"https:\\\/\\\/www.itpartner.si\\\/wp-content\\\/uploads\\\/2016\\\/12\\\/cropped-ITPartner-LinkInLogo-1.png\",\"width\":512,\"height\":512,\"caption\":\"ITPartner d.o.o.\"},\"image\":{\"@id\":\"https:\\\/\\\/www.itpartner.si\\\/#\\\/schema\\\/logo\\\/image\\\/\"},\"sameAs\":[\"https:\\\/\\\/www.facebook.com\\\/ITPartner.doo\",\"https:\\\/\\\/www.linkedin.com\\\/company\\\/10126897\\\/\"]}]}<\/script>\n<!-- \/ Yoast SEO plugin. -->","yoast_head_json":{"title":"Re\u0161itve za Microsoft storitve - ITPartner d.o.o.","robots":{"index":"index","follow":"follow","max-snippet":"max-snippet:-1","max-image-preview":"max-image-preview:large","max-video-preview":"max-video-preview:-1"},"canonical":"https:\/\/www.itpartner.si\/de\/storitve-microsoft-crm-dynamics-sharepoint\/","og_locale":"de_DE","og_type":"article","og_title":"Re\u0161itve za Microsoft storitve - ITPartner d.o.o.","og_description":"Pristen in kakovosten odnos do kupcev in strank ter u\u010dinkovito vodenje teh odnosov je del sodobnega poslovanja in hkrati velika prednost pred [&hellip;]","og_url":"https:\/\/www.itpartner.si\/de\/storitve-microsoft-crm-dynamics-sharepoint\/","og_site_name":"ITPartner d.o.o.","article_publisher":"https:\/\/www.facebook.com\/ITPartner.doo","article_modified_time":"2024-01-29T23:17:04+00:00","twitter_card":"summary_large_image","twitter_misc":{"Gesch\u00e4tzte Lesezeit":"1\u00a0Minute"},"schema":{"@context":"https:\/\/schema.org","@graph":[{"@type":"WebPage","@id":"https:\/\/www.itpartner.si\/storitve-microsoft-crm-dynamics-sharepoint\/","url":"https:\/\/www.itpartner.si\/storitve-microsoft-crm-dynamics-sharepoint\/","name":"Re\u0161itve za Microsoft storitve - ITPartner d.o.o.","isPartOf":{"@id":"https:\/\/www.itpartner.si\/#website"},"datePublished":"2016-12-20T12:22:05+00:00","dateModified":"2024-01-29T23:17:04+00:00","breadcrumb":{"@id":"https:\/\/www.itpartner.si\/storitve-microsoft-crm-dynamics-sharepoint\/#breadcrumb"},"inLanguage":"de","potentialAction":[{"@type":"ReadAction","target":["https:\/\/www.itpartner.si\/storitve-microsoft-crm-dynamics-sharepoint\/"]}]},{"@type":"BreadcrumbList","@id":"https:\/\/www.itpartner.si\/storitve-microsoft-crm-dynamics-sharepoint\/#breadcrumb","itemListElement":[{"@type":"ListItem","position":1,"name":"Home","item":"https:\/\/www.itpartner.si\/"},{"@type":"ListItem","position":2,"name":"Re\u0161itve za Microsoft storitve"}]},{"@type":"WebSite","@id":"https:\/\/www.itpartner.si\/#website","url":"https:\/\/www.itpartner.si\/","name":"ITPartner d.o.o.","description":"Va\u0161e sanje. Na\u0161a strast.","publisher":{"@id":"https:\/\/www.itpartner.si\/#organization"},"potentialAction":[{"@type":"SearchAction","target":{"@type":"EntryPoint","urlTemplate":"https:\/\/www.itpartner.si\/?s={search_term_string}"},"query-input":{"@type":"PropertyValueSpecification","valueRequired":true,"valueName":"search_term_string"}}],"inLanguage":"de"},{"@type":"Organization","@id":"https:\/\/www.itpartner.si\/#organization","name":"ITPartner d.o.o.","url":"https:\/\/www.itpartner.si\/","logo":{"@type":"ImageObject","inLanguage":"de","@id":"https:\/\/www.itpartner.si\/#\/schema\/logo\/image\/","url":"https:\/\/www.itpartner.si\/wp-content\/uploads\/2016\/12\/cropped-ITPartner-LinkInLogo-1.png","contentUrl":"https:\/\/www.itpartner.si\/wp-content\/uploads\/2016\/12\/cropped-ITPartner-LinkInLogo-1.png","width":512,"height":512,"caption":"ITPartner d.o.o."},"image":{"@id":"https:\/\/www.itpartner.si\/#\/schema\/logo\/image\/"},"sameAs":["https:\/\/www.facebook.com\/ITPartner.doo","https:\/\/www.linkedin.com\/company\/10126897\/"]}]}},"_links":{"self":[{"href":"https:\/\/www.itpartner.si\/de\/wp-json\/wp\/v2\/pages\/550","targetHints":{"allow":["GET"]}}],"collection":[{"href":"https:\/\/www.itpartner.si\/de\/wp-json\/wp\/v2\/pages"}],"about":[{"href":"https:\/\/www.itpartner.si\/de\/wp-json\/wp\/v2\/types\/page"}],"author":[{"embeddable":true,"href":"https:\/\/www.itpartner.si\/de\/wp-json\/wp\/v2\/users\/1"}],"replies":[{"embeddable":true,"href":"https:\/\/www.itpartner.si\/de\/wp-json\/wp\/v2\/comments?post=550"}],"version-history":[{"count":0,"href":"https:\/\/www.itpartner.si\/de\/wp-json\/wp\/v2\/pages\/550\/revisions"}],"wp:attachment":[{"href":"https:\/\/www.itpartner.si\/de\/wp-json\/wp\/v2\/media?parent=550"}],"curies":[{"name":"wp","href":"https:\/\/api.w.org\/{rel}","templated":true}]}}