{"id":594,"date":"2016-12-20T19:20:19","date_gmt":"2016-12-20T18:20:19","guid":{"rendered":"https:\/\/www.itpartner.si\/?page_id=594"},"modified":"2024-01-29T23:55:51","modified_gmt":"2024-01-29T22:55:51","slug":"obvestilo-o-piskotkih","status":"publish","type":"page","link":"https:\/\/www.itpartner.si\/de\/obvestilo-o-piskotkih\/","title":{"rendered":"Obvestilo o pi\u0161kotkih"},"content":{"rendered":"<div id=\"pl-594\"  class=\"panel-layout\" ><div id=\"pg-594-0\"  class=\"panel-grid panel-has-style\" ><div style=\"padding: 100px 0; \" data-overlay=\"true\" data-overlay-color=\"#000000\" class=\"panel-row-style panel-row-style-for-594-0\" ><div id=\"pgc-594-0-0\"  class=\"panel-grid-cell\" ><div id=\"panel-594-0-0-0\" class=\"so-panel widget widget_sow-editor panel-first-child panel-last-child\" data-index=\"0\" ><div style=\"text-align: left;\" data-title-color=\"#443f3f\" data-headings-color=\"#443f3f\" class=\"panel-widget-style panel-widget-style-for-594-0-0-0\" ><div\n\t\t\t\n\t\t\tclass=\"so-widget-sow-editor so-widget-sow-editor-base\"\n\t\t\t\n\t\t>\n<div class=\"siteorigin-widget-tinymce textwidget\">\n\t<p><strong>Kaj so pi\u0161kotki?<\/strong><\/p>\n<p>Pi\u0161kotki so male besedilne datoteke, ki jih ve\u010dina spletnih mest shrani v naprave uporabnikov s katerimi dostopajo do interneta z namenom prepoznavanja posameznih naprav, ki so jih uporabniki uporabili pri dostopu. Njihovo shranjevanje je pod popolnim nadzorom brskalnika, ki ga uporablja uporabnik \u2013 ta lahko shranjevanje pi\u0161kotkov po \u017eelji omeji ali onemogo\u010di.<\/p>\n<p>Pi\u0161kotki so temeljnega pomena za zagotavljanje uporabniku prijaznih spletnih storitev. Najpogostej\u0161e funkcije e-poslovanja ne bi bile mogo\u010de brez pi\u0161kotkov.<\/p>\n<p>Interakcija med spletnim uporabnikom in spletno stranjo je s pomo\u010djo pi\u0161kotkov hitrej\u0161a in enostavnej\u0161a. Z njihovo pomo\u010djo si spletna stran zapomni posameznikove preference in izku\u0161nje, s tem je prihranjen \u010das, brskanje po spletnih straneh pa je s tem bolj u\u010dinkovito in prijetno.<\/p>\n<p><strong>Zakaj spletne strani uporabljajo pi\u0161kotke?<\/strong><\/p>\n<p>Pi\u0161kotke uporablja ve\u010dina spletnih strani, so priro\u010dno sredstvo za ohranjanje sve\u017ee in primerne vsebine, ki je v skladu z interesi in preferencami posameznega spletnega uporabnika. Razlogov za uporabo pi\u0161kotkov je tako ve\u010d, kot prvi gotovo njihova lastnost shranjevanja podatkov o stanju posamezne spletne strani (podrobnosti o prilagoditvah posamezne spletne strani), pomagajo pri izvajanju raznih spletnih storitev (spletne trgovine), pomagajo pri zbiranju raznih statistik, o navadah spletnega uporabnika \u2013 saj se le z njimi lahko spremlja pogostost obiskovanja dolo\u010dene spletne strani.<\/p>\n<p>Podjetja lahko s pomo\u010djo pi\u0161kotkov ocenijo u\u010dinkovitost zasnove svojih spletnih strani, kot tudi ustreznost vrste in \u0161tevila oglasov, ki jih ponujajo uporabnikom na svojih spletnih straneh.<\/p>\n<p><strong>Vrste pi\u0161kotkov<\/strong><\/p>\n<p><strong>Nujno potrebni pi\u0161kotki<\/strong><br \/>\nTo so pi\u0161kotki, ki so vedno omogo\u010deni in potrebni, da so osnovne funkcionalnosti strani mogo\u010de. Vklju\u010dujejo pi\u0161kotke, ki omogo\u010dajo, da je va\u0161e brskanje po na\u0161i strani nemoteno, tudi \u010de med brskanjem obi\u0161\u010dete kak\u0161no drugo spletno mesto. Pomagajo, da va\u0161a prijava in odjava poteka nemoteno in gladko hkrati pa pripomore k ve\u010dji varnosti in je v skladu s predpisi.<\/p>\n<p><strong>Izvedbeni in funkcionalni pi\u0161kotki<\/strong><br \/>\nTi pi\u0161kotki omogo\u010dajo izbolj\u0161anje funkcionalnosti na\u0161ega spletnega mesta. Omogo\u010dajo, da si spletno mesto zapomni va\u0161e izbrane mo\u017enosti. Pomagajo nam izbolj\u0161ati hitrost delovanja spletnega mesta oz. va\u0161ega brskanja po spletu, pomagajo nam si zapomniti spletna mesta, ki jih uporabljate ve\u010d ter so nam v pomo\u010d pri povezovanju z va\u0161imi socialnimi omre\u017eji. Pomagajo nam ugotoviti npr. katere izdelke na spleti\u0161\u010du bi vam lahko priporo\u010dili po ugodnih cenah. Z odjavo od teh pi\u0161kotkov se bo delovanje brskanja po spleti\u0161\u010du lahko upo\u010dasnilo, oglasna sporo\u010dila ne bodo ustrezna hkrati pa se ne boste mogli u\u010dinkovito povezovati z va\u0161imi socialnimi omre\u017eji Facebook, Twitter in drugimi.<\/p>\n<p><strong>Ciljni ali ogla\u0161evalski pi\u0161kotki<\/strong><br \/>\nTi pi\u0161kotki zbirajo informacije, ki zagotavljajo bolj\u0161e prilagajanje ogla\u0161evanja va\u0161im interesom tako na na\u0161ih spleti\u0161\u010dih, kot na spleti\u0161\u010dih izven strani www.itpartner.si. Pridobljeni podatki so anonimni, kar pomeni, da niso pridobljeni v kakr\u0161nikoli povezavi z va\u0161imi osebnimi podatki, ki ste jih morda zaupali na na\u0161em spleti\u0161\u010du. Z odjavo od teh pi\u0161kotkov, oglasna sporo\u010dila za vas ne bodo ustrezna va\u0161im preferencam.<\/p>\n<p><strong>Obvestilo o pi\u0161kotkih je bilo nazadnje spremenjeno dne 20.12.2016.<\/strong><\/p>\n<\/div>\n<\/div><\/div><\/div><\/div><\/div><\/div><\/div>","protected":false},"excerpt":{"rendered":"<p>Kaj so pi\u0161kotki? Pi\u0161kotki so male besedilne datoteke, ki jih ve\u010dina spletnih mest shrani v naprave uporabnikov s katerimi dostopajo do interneta [&hellip;]<\/p>\n","protected":false},"author":1,"featured_media":0,"parent":0,"menu_order":0,"comment_status":"closed","ping_status":"closed","template":"page-templates\/page_fullwidth.php","meta":{"om_disable_all_campaigns":false,"_monsterinsights_skip_tracking":false,"_monsterinsights_sitenote_active":false,"_monsterinsights_sitenote_note":"","_monsterinsights_sitenote_category":0,"_maio_target_audience":"","_maio_content_type":"","_maio_primary_entity":"","_maio_canonical_url":"","_maio_last_updated":"","_maio_author":"","_maio_content_intent":"","_maio_ai_generated":"","footnotes":""},"class_list":["post-594","page","type-page","status-publish","hentry"],"aioseo_notices":[],"yoast_head":"<!-- This site is optimized with the Yoast SEO plugin v27.4 - https:\/\/yoast.com\/product\/yoast-seo-wordpress\/ -->\n<title>Obvestilo o pi\u0161kotkih - ITPartner d.o.o.<\/title>\n<meta name=\"robots\" content=\"index, follow, max-snippet:-1, max-image-preview:large, max-video-preview:-1\" \/>\n<link rel=\"canonical\" href=\"https:\/\/www.itpartner.si\/de\/obvestilo-o-piskotkih\/\" \/>\n<meta property=\"og:locale\" content=\"de_DE\" \/>\n<meta property=\"og:type\" content=\"article\" \/>\n<meta property=\"og:title\" content=\"Obvestilo o pi\u0161kotkih - ITPartner d.o.o.\" \/>\n<meta property=\"og:description\" content=\"Kaj so pi\u0161kotki? Pi\u0161kotki so male besedilne datoteke, ki jih ve\u010dina spletnih mest shrani v naprave uporabnikov s katerimi dostopajo do interneta [&hellip;]\" \/>\n<meta property=\"og:url\" content=\"https:\/\/www.itpartner.si\/de\/obvestilo-o-piskotkih\/\" \/>\n<meta property=\"og:site_name\" content=\"ITPartner d.o.o.\" \/>\n<meta property=\"article:publisher\" content=\"https:\/\/www.facebook.com\/ITPartner.doo\" \/>\n<meta property=\"article:modified_time\" content=\"2024-01-29T22:55:51+00:00\" \/>\n<meta name=\"twitter:card\" content=\"summary_large_image\" \/>\n<meta name=\"twitter:label1\" content=\"Gesch\u00e4tzte Lesezeit\" \/>\n\t<meta name=\"twitter:data1\" content=\"3\u00a0Minuten\" \/>\n<script type=\"application\/ld+json\" class=\"yoast-schema-graph\">{\"@context\":\"https:\\\/\\\/schema.org\",\"@graph\":[{\"@type\":\"WebPage\",\"@id\":\"https:\\\/\\\/www.itpartner.si\\\/obvestilo-o-piskotkih\\\/\",\"url\":\"https:\\\/\\\/www.itpartner.si\\\/obvestilo-o-piskotkih\\\/\",\"name\":\"Obvestilo o pi\u0161kotkih - ITPartner d.o.o.\",\"isPartOf\":{\"@id\":\"https:\\\/\\\/www.itpartner.si\\\/#website\"},\"datePublished\":\"2016-12-20T18:20:19+00:00\",\"dateModified\":\"2024-01-29T22:55:51+00:00\",\"breadcrumb\":{\"@id\":\"https:\\\/\\\/www.itpartner.si\\\/obvestilo-o-piskotkih\\\/#breadcrumb\"},\"inLanguage\":\"de\",\"potentialAction\":[{\"@type\":\"ReadAction\",\"target\":[\"https:\\\/\\\/www.itpartner.si\\\/obvestilo-o-piskotkih\\\/\"]}]},{\"@type\":\"BreadcrumbList\",\"@id\":\"https:\\\/\\\/www.itpartner.si\\\/obvestilo-o-piskotkih\\\/#breadcrumb\",\"itemListElement\":[{\"@type\":\"ListItem\",\"position\":1,\"name\":\"Home\",\"item\":\"https:\\\/\\\/www.itpartner.si\\\/\"},{\"@type\":\"ListItem\",\"position\":2,\"name\":\"Obvestilo o pi\u0161kotkih\"}]},{\"@type\":\"WebSite\",\"@id\":\"https:\\\/\\\/www.itpartner.si\\\/#website\",\"url\":\"https:\\\/\\\/www.itpartner.si\\\/\",\"name\":\"ITPartner d.o.o.\",\"description\":\"Va\u0161e sanje. Na\u0161a strast.\",\"publisher\":{\"@id\":\"https:\\\/\\\/www.itpartner.si\\\/#organization\"},\"potentialAction\":[{\"@type\":\"SearchAction\",\"target\":{\"@type\":\"EntryPoint\",\"urlTemplate\":\"https:\\\/\\\/www.itpartner.si\\\/?s={search_term_string}\"},\"query-input\":{\"@type\":\"PropertyValueSpecification\",\"valueRequired\":true,\"valueName\":\"search_term_string\"}}],\"inLanguage\":\"de\"},{\"@type\":\"Organization\",\"@id\":\"https:\\\/\\\/www.itpartner.si\\\/#organization\",\"name\":\"ITPartner d.o.o.\",\"url\":\"https:\\\/\\\/www.itpartner.si\\\/\",\"logo\":{\"@type\":\"ImageObject\",\"inLanguage\":\"de\",\"@id\":\"https:\\\/\\\/www.itpartner.si\\\/#\\\/schema\\\/logo\\\/image\\\/\",\"url\":\"https:\\\/\\\/www.itpartner.si\\\/wp-content\\\/uploads\\\/2016\\\/12\\\/cropped-ITPartner-LinkInLogo-1.png\",\"contentUrl\":\"https:\\\/\\\/www.itpartner.si\\\/wp-content\\\/uploads\\\/2016\\\/12\\\/cropped-ITPartner-LinkInLogo-1.png\",\"width\":512,\"height\":512,\"caption\":\"ITPartner d.o.o.\"},\"image\":{\"@id\":\"https:\\\/\\\/www.itpartner.si\\\/#\\\/schema\\\/logo\\\/image\\\/\"},\"sameAs\":[\"https:\\\/\\\/www.facebook.com\\\/ITPartner.doo\",\"https:\\\/\\\/www.linkedin.com\\\/company\\\/10126897\\\/\"]}]}<\/script>\n<!-- \/ Yoast SEO plugin. -->","yoast_head_json":{"title":"Obvestilo o pi\u0161kotkih - ITPartner d.o.o.","robots":{"index":"index","follow":"follow","max-snippet":"max-snippet:-1","max-image-preview":"max-image-preview:large","max-video-preview":"max-video-preview:-1"},"canonical":"https:\/\/www.itpartner.si\/de\/obvestilo-o-piskotkih\/","og_locale":"de_DE","og_type":"article","og_title":"Obvestilo o pi\u0161kotkih - ITPartner d.o.o.","og_description":"Kaj so pi\u0161kotki? Pi\u0161kotki so male besedilne datoteke, ki jih ve\u010dina spletnih mest shrani v naprave uporabnikov s katerimi dostopajo do interneta [&hellip;]","og_url":"https:\/\/www.itpartner.si\/de\/obvestilo-o-piskotkih\/","og_site_name":"ITPartner d.o.o.","article_publisher":"https:\/\/www.facebook.com\/ITPartner.doo","article_modified_time":"2024-01-29T22:55:51+00:00","twitter_card":"summary_large_image","twitter_misc":{"Gesch\u00e4tzte Lesezeit":"3\u00a0Minuten"},"schema":{"@context":"https:\/\/schema.org","@graph":[{"@type":"WebPage","@id":"https:\/\/www.itpartner.si\/obvestilo-o-piskotkih\/","url":"https:\/\/www.itpartner.si\/obvestilo-o-piskotkih\/","name":"Obvestilo o pi\u0161kotkih - ITPartner d.o.o.","isPartOf":{"@id":"https:\/\/www.itpartner.si\/#website"},"datePublished":"2016-12-20T18:20:19+00:00","dateModified":"2024-01-29T22:55:51+00:00","breadcrumb":{"@id":"https:\/\/www.itpartner.si\/obvestilo-o-piskotkih\/#breadcrumb"},"inLanguage":"de","potentialAction":[{"@type":"ReadAction","target":["https:\/\/www.itpartner.si\/obvestilo-o-piskotkih\/"]}]},{"@type":"BreadcrumbList","@id":"https:\/\/www.itpartner.si\/obvestilo-o-piskotkih\/#breadcrumb","itemListElement":[{"@type":"ListItem","position":1,"name":"Home","item":"https:\/\/www.itpartner.si\/"},{"@type":"ListItem","position":2,"name":"Obvestilo o pi\u0161kotkih"}]},{"@type":"WebSite","@id":"https:\/\/www.itpartner.si\/#website","url":"https:\/\/www.itpartner.si\/","name":"ITPartner d.o.o.","description":"Va\u0161e sanje. Na\u0161a strast.","publisher":{"@id":"https:\/\/www.itpartner.si\/#organization"},"potentialAction":[{"@type":"SearchAction","target":{"@type":"EntryPoint","urlTemplate":"https:\/\/www.itpartner.si\/?s={search_term_string}"},"query-input":{"@type":"PropertyValueSpecification","valueRequired":true,"valueName":"search_term_string"}}],"inLanguage":"de"},{"@type":"Organization","@id":"https:\/\/www.itpartner.si\/#organization","name":"ITPartner d.o.o.","url":"https:\/\/www.itpartner.si\/","logo":{"@type":"ImageObject","inLanguage":"de","@id":"https:\/\/www.itpartner.si\/#\/schema\/logo\/image\/","url":"https:\/\/www.itpartner.si\/wp-content\/uploads\/2016\/12\/cropped-ITPartner-LinkInLogo-1.png","contentUrl":"https:\/\/www.itpartner.si\/wp-content\/uploads\/2016\/12\/cropped-ITPartner-LinkInLogo-1.png","width":512,"height":512,"caption":"ITPartner d.o.o."},"image":{"@id":"https:\/\/www.itpartner.si\/#\/schema\/logo\/image\/"},"sameAs":["https:\/\/www.facebook.com\/ITPartner.doo","https:\/\/www.linkedin.com\/company\/10126897\/"]}]}},"_links":{"self":[{"href":"https:\/\/www.itpartner.si\/de\/wp-json\/wp\/v2\/pages\/594","targetHints":{"allow":["GET"]}}],"collection":[{"href":"https:\/\/www.itpartner.si\/de\/wp-json\/wp\/v2\/pages"}],"about":[{"href":"https:\/\/www.itpartner.si\/de\/wp-json\/wp\/v2\/types\/page"}],"author":[{"embeddable":true,"href":"https:\/\/www.itpartner.si\/de\/wp-json\/wp\/v2\/users\/1"}],"replies":[{"embeddable":true,"href":"https:\/\/www.itpartner.si\/de\/wp-json\/wp\/v2\/comments?post=594"}],"version-history":[{"count":0,"href":"https:\/\/www.itpartner.si\/de\/wp-json\/wp\/v2\/pages\/594\/revisions"}],"wp:attachment":[{"href":"https:\/\/www.itpartner.si\/de\/wp-json\/wp\/v2\/media?parent=594"}],"curies":[{"name":"wp","href":"https:\/\/api.w.org\/{rel}","templated":true}]}}