{"id":552,"date":"2016-12-20T13:22:47","date_gmt":"2016-12-20T12:22:47","guid":{"rendered":"https:\/\/www.itpartner.si\/?page_id=552"},"modified":"2024-01-30T00:09:35","modified_gmt":"2024-01-29T23:09:35","slug":"storitve-po-narocilu","status":"publish","type":"page","link":"https:\/\/www.itpartner.si\/en\/storitve-po-narocilu\/","title":{"rendered":"Other services"},"content":{"rendered":"<div id=\"pl-552\"  class=\"panel-layout\" ><div id=\"pg-552-0\"  class=\"panel-grid panel-has-style\" ><div style=\"padding: 100px 0; \" data-overlay=\"true\" class=\"panel-row-style panel-row-style-for-552-0\" ><div id=\"pgc-552-0-0\"  class=\"panel-grid-cell\" ><div id=\"panel-552-0-0-0\" class=\"so-panel widget widget_sow-editor panel-first-child panel-last-child\" data-index=\"0\" ><div style=\"text-align: left;\" data-title-color=\"#443f3f\" data-headings-color=\"#443f3f\" class=\"panel-widget-style panel-widget-style-for-552-0-0-0\" ><div\n\t\t\t\n\t\t\tclass=\"so-widget-sow-editor so-widget-sow-editor-base\"\n\t\t\t\n\t\t><h3 class=\"widget-title\">Izdelava ter gostovanje spletnih mest in spletnih trgovin<\/h3>\n<div class=\"siteorigin-widget-tinymce textwidget\">\n\t<p>\u010ce \u017eelite spletno mesto, ki deluje hitro in nemoteno ter zagotavlja va\u0161im potencialnim in obstoje\u010dim strankam neoviran, varen in uporabniku prijazen dostop, za vas <strong>razvijamo re\u0161itve<\/strong>\u00a0 na svetovno priznani <strong>WordPress platformi<\/strong>. Z <strong>va\u0161imi predlogi<\/strong> vam izdelamo <strong>predstavitveno stran<\/strong> ali <strong>spletno trgovino<\/strong>, <strong>galerijo<\/strong>, <strong>portfelj<\/strong> ipd. skupaj z <strong>administrativnimi orodji<\/strong>, ki jih boste potrebovali za <strong>dodajanje in urejanje vsebine<\/strong> na va\u0161em spletnem mestu. Spletna mesta so razvita za <strong>visok nivo varnosti pred napadi<\/strong> ter so <strong>optimizirana<\/strong> za prikaz na <strong>mobilnih napravah<\/strong> ter <strong>osebnih ra\u010dunalnikih<\/strong>. <strong>Spleti\u0161\u010de redno vzdr\u017eujemo<\/strong>, prav tako pa vam za vsako re\u0161itev <strong>nudimo svetovanje<\/strong> and <strong>pomo\u010d pri uporabi<\/strong>. Tako se lahko z na\u0161o pomo\u010djo, brez vlaganja \u010dasa in resursov v razvoj, osredoto\u010dite na vsebino in funkcionalnost va\u0161ega spletnega mesta.<\/p>\n<\/div>\n<\/div><\/div><\/div><\/div><div id=\"pgc-552-0-1\"  class=\"panel-grid-cell\" ><div id=\"panel-552-0-1-0\" class=\"so-panel widget widget_sow-image panel-first-child panel-last-child\" data-index=\"1\" ><div style=\"text-align: left;\" data-title-color=\"#443f3f\" data-headings-color=\"#443f3f\" class=\"panel-widget-style panel-widget-style-for-552-0-1-0\" ><div\n\t\t\t\n\t\t\tclass=\"so-widget-sow-image so-widget-sow-image-default-dbf295114b96-552\"\n\t\t\t\n\t\t>\n<div class=\"sow-image-container\">\n\t\t<img \n\tsrc=\"https:\/\/www.itpartner.si\/wp-content\/uploads\/2015\/03\/prenosnik.jpg\" width=\"1024\" height=\"576\" srcset=\"https:\/\/www.itpartner.si\/wp-content\/uploads\/2015\/03\/prenosnik.jpg 1024w, https:\/\/www.itpartner.si\/wp-content\/uploads\/2015\/03\/prenosnik-300x169.jpg 300w, https:\/\/www.itpartner.si\/wp-content\/uploads\/2015\/03\/prenosnik-768x432.jpg 768w, https:\/\/www.itpartner.si\/wp-content\/uploads\/2015\/03\/prenosnik-830x467.jpg 830w, https:\/\/www.itpartner.si\/wp-content\/uploads\/2015\/03\/prenosnik-230x129.jpg 230w, https:\/\/www.itpartner.si\/wp-content\/uploads\/2015\/03\/prenosnik-350x197.jpg 350w, https:\/\/www.itpartner.si\/wp-content\/uploads\/2015\/03\/prenosnik-480x270.jpg 480w\" sizes=\"(max-width: 1024px) 100vw, 1024px\" alt=\"\" \t\tclass=\"so-widget-image\"\/>\n\t<\/div>\n\n<\/div><\/div><\/div><\/div><\/div><\/div><div id=\"pg-552-1\"  class=\"panel-grid panel-has-style\" ><div style=\"padding: 100px 0; \" data-overlay=\"true\" class=\"panel-row-style panel-row-style-for-552-1\" ><div id=\"pgc-552-1-0\"  class=\"panel-grid-cell\" ><div id=\"panel-552-1-0-0\" class=\"so-panel widget widget_sow-image panel-first-child panel-last-child\" data-index=\"2\" ><div style=\"text-align: left;\" data-title-color=\"#443f3f\" data-headings-color=\"#443f3f\" class=\"panel-widget-style panel-widget-style-for-552-1-0-0\" ><div\n\t\t\t\n\t\t\tclass=\"so-widget-sow-image so-widget-sow-image-default-dbf295114b96-552\"\n\t\t\t\n\t\t>\n<div class=\"sow-image-container\">\n\t\t<img \n\tsrc=\"https:\/\/www.itpartner.si\/wp-content\/uploads\/2016\/12\/izzraka.jpg\" width=\"1024\" height=\"592\" srcset=\"https:\/\/www.itpartner.si\/wp-content\/uploads\/2016\/12\/izzraka.jpg 1024w, https:\/\/www.itpartner.si\/wp-content\/uploads\/2016\/12\/izzraka-300x173.jpg 300w, https:\/\/www.itpartner.si\/wp-content\/uploads\/2016\/12\/izzraka-768x444.jpg 768w, https:\/\/www.itpartner.si\/wp-content\/uploads\/2016\/12\/izzraka-830x480.jpg 830w, https:\/\/www.itpartner.si\/wp-content\/uploads\/2016\/12\/izzraka-230x133.jpg 230w, https:\/\/www.itpartner.si\/wp-content\/uploads\/2016\/12\/izzraka-350x202.jpg 350w, https:\/\/www.itpartner.si\/wp-content\/uploads\/2016\/12\/izzraka-480x278.jpg 480w\" sizes=\"(max-width: 1024px) 100vw, 1024px\" alt=\"\" \t\tclass=\"so-widget-image\"\/>\n\t<\/div>\n\n<\/div><\/div><\/div><\/div><div id=\"pgc-552-1-1\"  class=\"panel-grid-cell\" ><div id=\"panel-552-1-1-0\" class=\"so-panel widget widget_sow-editor panel-first-child panel-last-child\" data-index=\"3\" ><div style=\"text-align: left;\" data-title-color=\"#443f3f\" data-headings-color=\"#443f3f\" class=\"panel-widget-style panel-widget-style-for-552-1-1-0\" ><div\n\t\t\t\n\t\t\tclass=\"so-widget-sow-editor so-widget-sow-editor-base\"\n\t\t\t\n\t\t><h3 class=\"widget-title\">Fotografiranje iz zraka in zra\u010dni posnetki<\/h3>\n<div class=\"siteorigin-widget-tinymce textwidget\">\n\t<p><span class=\"dropcap\">Z<\/span>a <strong>snemanje<\/strong> and <strong>fotografiranje iz zraka<\/strong> uporabljamo daljinsko voden <strong>brezpilotnik s stabilizatorjem snemanja<\/strong> in prenosom slike na monitor ter GPS sistemom z mo\u017enostjo nastavitve dolo\u010denih geografskih to\u010dk. Kamera snema 2,7K video, skoraj <strong>3\u00d7 bolj ostre kot slika na va\u0161em HDTV sprejemniku<\/strong>, pri 30 sli\u010dicah na sekundo in najve\u010d 40 Mbps. Kamera fotografira s kakovostjo 12 MP v formatu JPEG ali celo DNG RAW. Ima 1\/2.3\" senzor, hitro f\/2.8 le\u010do, <strong>ostrenje pa je optimizirano za zra\u010dne posnetke<\/strong>.<\/p>\n<\/div>\n<\/div><\/div><\/div><\/div><\/div><\/div><div id=\"pg-552-2\"  class=\"panel-grid panel-has-style\" ><div style=\"padding: 100px 0; \" data-overlay=\"true\" class=\"panel-row-style panel-row-style-for-552-2\" ><div id=\"pgc-552-2-0\"  class=\"panel-grid-cell\" ><div id=\"panel-552-2-0-0\" class=\"so-panel widget widget_sow-editor panel-first-child panel-last-child\" data-index=\"4\" ><div style=\"text-align: left;\" data-title-color=\"#443f3f\" data-headings-color=\"#443f3f\" class=\"panel-widget-style panel-widget-style-for-552-2-0-0\" ><div\n\t\t\t\n\t\t\tclass=\"so-widget-sow-editor so-widget-sow-editor-base\"\n\t\t\t\n\t\t><h3 class=\"widget-title\">Izdelava reklamnih posnetkov in oddajanje v \u017eivo<\/h3>\n<div class=\"siteorigin-widget-tinymce textwidget\">\n\t<p>Ponujamo izdelavo in samo prenos reklamnih posnetkov:<\/p>\n<ul>\n<li>za prenos v <strong>\u017eivo<\/strong> z <strong>reakcijami <\/strong>za<strong> Facebook<\/strong><\/li>\n<li>za prenos v <strong>\u017eivo<\/strong> na kanalih kot so <strong>YouTube<\/strong>, <strong>Twitch<\/strong><\/li>\n<li>izdelamo vam <strong>spletno stran<\/strong> v spletni tehniki <strong>HTML5<\/strong> na kateri se <strong>v ozadju predvaja posnetek<\/strong>. Na strani se <strong>menja besedilo<\/strong>, mo\u017een je prikaz <strong>ve\u010dih razli\u010dnih filmov<\/strong>, me\u0161anje med njimi ipd.\u00a0 (<strong>primer takega posnetka je na\u00a0desni strani<\/strong>)<\/li>\n<\/ul>\n<\/div>\n<\/div><\/div><\/div><\/div><div id=\"pgc-552-2-1\"  class=\"panel-grid-cell\" ><div id=\"panel-552-2-1-0\" class=\"so-panel widget widget_sydney_video_widget sydney_video_widget_widget panel-first-child panel-last-child\" data-index=\"5\" ><div style=\"text-align: left;\" data-title-color=\"#443f3f\" data-headings-color=\"#443f3f\" class=\"panel-widget-style panel-widget-style-for-552-2-1-0\" ><div class=\"sydney-video vid-normal\"><div class=\"video-overlay\"><div class=\"sydney-video-inner\"><span class=\"close-popup\"><i class=\"fa fa-times\"><\/i><\/span><iframe loading=\"lazy\" title=\"ITPartner d.o.o.\" width=\"1170\" height=\"658\" src=\"https:\/\/www.youtube.com\/embed\/JqDQggfboMI?feature=oembed\" frameborder=\"0\" allow=\"accelerometer; autoplay; clipboard-write; encrypted-media; gyroscope; picture-in-picture; web-share\" referrerpolicy=\"strict-origin-when-cross-origin\" allowfullscreen><\/iframe><\/div><\/div><div class=\"video-text\"><\/div><a href=\"#\" class=\"toggle-popup\"><i class=\"fa fa-play\"><\/i><\/a><\/div><\/div><\/div><\/div><\/div><\/div><div id=\"pg-552-3\"  class=\"panel-grid panel-has-style\" ><div style=\"padding: 100px 0; \" id=\"varnost\" data-overlay=\"true\" data-overlay-color=\"#000000\" class=\"panel-row-style panel-row-style-for-552-3\" ><div id=\"pgc-552-3-0\"  class=\"panel-grid-cell\" ><div id=\"panel-552-3-0-0\" class=\"so-panel widget widget_sow-image panel-first-child panel-last-child\" data-index=\"6\" ><div style=\"text-align: left;\" data-title-color=\"#443f3f\" data-headings-color=\"#443f3f\" class=\"panel-widget-style panel-widget-style-for-552-3-0-0\" ><div\n\t\t\t\n\t\t\tclass=\"so-widget-sow-image so-widget-sow-image-default-dbf295114b96-552\"\n\t\t\t\n\t\t>\n<div class=\"sow-image-container\">\n\t\t<img \n\tsrc=\"https:\/\/www.itpartner.si\/wp-content\/uploads\/2015\/03\/varnost.jpg\" width=\"1024\" height=\"576\" srcset=\"https:\/\/www.itpartner.si\/wp-content\/uploads\/2015\/03\/varnost.jpg 1024w, https:\/\/www.itpartner.si\/wp-content\/uploads\/2015\/03\/varnost-300x169.jpg 300w, https:\/\/www.itpartner.si\/wp-content\/uploads\/2015\/03\/varnost-768x432.jpg 768w, https:\/\/www.itpartner.si\/wp-content\/uploads\/2015\/03\/varnost-830x467.jpg 830w, https:\/\/www.itpartner.si\/wp-content\/uploads\/2015\/03\/varnost-230x129.jpg 230w, https:\/\/www.itpartner.si\/wp-content\/uploads\/2015\/03\/varnost-350x197.jpg 350w, https:\/\/www.itpartner.si\/wp-content\/uploads\/2015\/03\/varnost-480x270.jpg 480w\" sizes=\"(max-width: 1024px) 100vw, 1024px\" alt=\"\" \t\tclass=\"so-widget-image\"\/>\n\t<\/div>\n\n<\/div><\/div><\/div><\/div><div id=\"pgc-552-3-1\"  class=\"panel-grid-cell\" ><div id=\"panel-552-3-1-0\" class=\"so-panel widget widget_sow-editor panel-first-child panel-last-child\" data-index=\"7\" ><div style=\"text-align: left;\" data-title-color=\"#443f3f\" data-headings-color=\"#443f3f\" class=\"panel-widget-style panel-widget-style-for-552-3-1-0\" ><div\n\t\t\t\n\t\t\tclass=\"so-widget-sow-editor so-widget-sow-editor-base\"\n\t\t\t\n\t\t><h3 class=\"widget-title\">Optimizacija ra\u010dunalnikov in preverjanje varnosti<\/h3>\n<div class=\"siteorigin-widget-tinymce textwidget\">\n\t<p>V primeru, da vam <strong>ra\u010dunalnik<\/strong> z okoljem <strong>Microsoft Windows<\/strong> pri\u010dne delovati <strong>zelo po\u010dasi<\/strong> vam lahko <strong>preverimo<\/strong> and <strong>optimiziramo<\/strong> delovanje ter <strong>svetujemo<\/strong>, kaj narediti za najbolj\u0161e rezultate. Obenem vam <strong>preverimo<\/strong> tudi <strong>varnostne<\/strong> <strong>nastavitve<\/strong>.<\/p>\n<p>Preverjamo tudi\u00a0<strong>varnost va\u0161ih sistemov<\/strong>, ki so\u00a0na <strong>medmre\u017eju<\/strong> in ter <strong>mo\u017enosti<\/strong>\u00a0<strong>vdorov<\/strong>. Na koncu naredimo <strong>poro\u010dilo<\/strong> and <strong>svetujemo<\/strong>, kako urediti <strong>pomanjkljivosti<\/strong>.<\/p>\n<\/div>\n<\/div><\/div><\/div><\/div><\/div><\/div><\/div>","protected":false},"excerpt":{"rendered":"<p>\u010ce \u017eelite spletno mesto, ki deluje hitro in nemoteno ter zagotavlja va\u0161im potencialnim in obstoje\u010dim strankam neoviran, varen in uporabniku prijazen dostop, [&hellip;]<\/p>\n","protected":false},"author":1,"featured_media":0,"parent":0,"menu_order":0,"comment_status":"closed","ping_status":"closed","template":"page-templates\/page_fullwidth.php","meta":{"om_disable_all_campaigns":false,"_monsterinsights_skip_tracking":false,"_monsterinsights_sitenote_active":false,"_monsterinsights_sitenote_note":"","_monsterinsights_sitenote_category":0,"_maio_target_audience":"","_maio_content_type":"","_maio_primary_entity":"","_maio_canonical_url":"","_maio_last_updated":"","_maio_author":"","_maio_content_intent":"","_maio_ai_generated":"","footnotes":""},"class_list":["post-552","page","type-page","status-publish","hentry"],"aioseo_notices":[],"yoast_head":"<!-- This site is optimized with the Yoast SEO plugin v27.4 - https:\/\/yoast.com\/product\/yoast-seo-wordpress\/ -->\n<title>Ostale storitve - ITPartner d.o.o.<\/title>\n<meta name=\"robots\" content=\"index, follow, max-snippet:-1, max-image-preview:large, max-video-preview:-1\" \/>\n<link rel=\"canonical\" href=\"https:\/\/www.itpartner.si\/en\/storitve-po-narocilu\/\" \/>\n<meta property=\"og:locale\" content=\"en_US\" \/>\n<meta property=\"og:type\" content=\"article\" \/>\n<meta property=\"og:title\" content=\"Ostale storitve - ITPartner d.o.o.\" \/>\n<meta property=\"og:description\" content=\"\u010ce \u017eelite spletno mesto, ki deluje hitro in nemoteno ter zagotavlja va\u0161im potencialnim in obstoje\u010dim strankam neoviran, varen in uporabniku prijazen dostop, [&hellip;]\" \/>\n<meta property=\"og:url\" content=\"https:\/\/www.itpartner.si\/en\/storitve-po-narocilu\/\" \/>\n<meta property=\"og:site_name\" content=\"ITPartner d.o.o.\" \/>\n<meta property=\"article:publisher\" content=\"https:\/\/www.facebook.com\/ITPartner.doo\" \/>\n<meta property=\"article:modified_time\" content=\"2024-01-29T23:09:35+00:00\" \/>\n<meta name=\"twitter:card\" content=\"summary_large_image\" \/>\n<meta name=\"twitter:label1\" content=\"Est. reading time\" \/>\n\t<meta name=\"twitter:data1\" content=\"2 minutes\" \/>\n<script type=\"application\/ld+json\" class=\"yoast-schema-graph\">{\"@context\":\"https:\\\/\\\/schema.org\",\"@graph\":[{\"@type\":\"WebPage\",\"@id\":\"https:\\\/\\\/www.itpartner.si\\\/storitve-po-narocilu\\\/\",\"url\":\"https:\\\/\\\/www.itpartner.si\\\/storitve-po-narocilu\\\/\",\"name\":\"Ostale storitve - ITPartner d.o.o.\",\"isPartOf\":{\"@id\":\"https:\\\/\\\/www.itpartner.si\\\/#website\"},\"datePublished\":\"2016-12-20T12:22:47+00:00\",\"dateModified\":\"2024-01-29T23:09:35+00:00\",\"breadcrumb\":{\"@id\":\"https:\\\/\\\/www.itpartner.si\\\/storitve-po-narocilu\\\/#breadcrumb\"},\"inLanguage\":\"en-US\",\"potentialAction\":[{\"@type\":\"ReadAction\",\"target\":[\"https:\\\/\\\/www.itpartner.si\\\/storitve-po-narocilu\\\/\"]}]},{\"@type\":\"BreadcrumbList\",\"@id\":\"https:\\\/\\\/www.itpartner.si\\\/storitve-po-narocilu\\\/#breadcrumb\",\"itemListElement\":[{\"@type\":\"ListItem\",\"position\":1,\"name\":\"Home\",\"item\":\"https:\\\/\\\/www.itpartner.si\\\/\"},{\"@type\":\"ListItem\",\"position\":2,\"name\":\"Ostale storitve\"}]},{\"@type\":\"WebSite\",\"@id\":\"https:\\\/\\\/www.itpartner.si\\\/#website\",\"url\":\"https:\\\/\\\/www.itpartner.si\\\/\",\"name\":\"ITPartner d.o.o.\",\"description\":\"Va\u0161e sanje. Na\u0161a strast.\",\"publisher\":{\"@id\":\"https:\\\/\\\/www.itpartner.si\\\/#organization\"},\"potentialAction\":[{\"@type\":\"SearchAction\",\"target\":{\"@type\":\"EntryPoint\",\"urlTemplate\":\"https:\\\/\\\/www.itpartner.si\\\/?s={search_term_string}\"},\"query-input\":{\"@type\":\"PropertyValueSpecification\",\"valueRequired\":true,\"valueName\":\"search_term_string\"}}],\"inLanguage\":\"en-US\"},{\"@type\":\"Organization\",\"@id\":\"https:\\\/\\\/www.itpartner.si\\\/#organization\",\"name\":\"ITPartner d.o.o.\",\"url\":\"https:\\\/\\\/www.itpartner.si\\\/\",\"logo\":{\"@type\":\"ImageObject\",\"inLanguage\":\"en-US\",\"@id\":\"https:\\\/\\\/www.itpartner.si\\\/#\\\/schema\\\/logo\\\/image\\\/\",\"url\":\"https:\\\/\\\/www.itpartner.si\\\/wp-content\\\/uploads\\\/2016\\\/12\\\/cropped-ITPartner-LinkInLogo-1.png\",\"contentUrl\":\"https:\\\/\\\/www.itpartner.si\\\/wp-content\\\/uploads\\\/2016\\\/12\\\/cropped-ITPartner-LinkInLogo-1.png\",\"width\":512,\"height\":512,\"caption\":\"ITPartner d.o.o.\"},\"image\":{\"@id\":\"https:\\\/\\\/www.itpartner.si\\\/#\\\/schema\\\/logo\\\/image\\\/\"},\"sameAs\":[\"https:\\\/\\\/www.facebook.com\\\/ITPartner.doo\",\"https:\\\/\\\/www.linkedin.com\\\/company\\\/10126897\\\/\"]}]}<\/script>\n<!-- \/ Yoast SEO plugin. -->","yoast_head_json":{"title":"Ostale storitve - ITPartner d.o.o.","robots":{"index":"index","follow":"follow","max-snippet":"max-snippet:-1","max-image-preview":"max-image-preview:large","max-video-preview":"max-video-preview:-1"},"canonical":"https:\/\/www.itpartner.si\/en\/storitve-po-narocilu\/","og_locale":"en_US","og_type":"article","og_title":"Ostale storitve - ITPartner d.o.o.","og_description":"\u010ce \u017eelite spletno mesto, ki deluje hitro in nemoteno ter zagotavlja va\u0161im potencialnim in obstoje\u010dim strankam neoviran, varen in uporabniku prijazen dostop, [&hellip;]","og_url":"https:\/\/www.itpartner.si\/en\/storitve-po-narocilu\/","og_site_name":"ITPartner d.o.o.","article_publisher":"https:\/\/www.facebook.com\/ITPartner.doo","article_modified_time":"2024-01-29T23:09:35+00:00","twitter_card":"summary_large_image","twitter_misc":{"Est. reading time":"2 minutes"},"schema":{"@context":"https:\/\/schema.org","@graph":[{"@type":"WebPage","@id":"https:\/\/www.itpartner.si\/storitve-po-narocilu\/","url":"https:\/\/www.itpartner.si\/storitve-po-narocilu\/","name":"Ostale storitve - ITPartner d.o.o.","isPartOf":{"@id":"https:\/\/www.itpartner.si\/#website"},"datePublished":"2016-12-20T12:22:47+00:00","dateModified":"2024-01-29T23:09:35+00:00","breadcrumb":{"@id":"https:\/\/www.itpartner.si\/storitve-po-narocilu\/#breadcrumb"},"inLanguage":"en-US","potentialAction":[{"@type":"ReadAction","target":["https:\/\/www.itpartner.si\/storitve-po-narocilu\/"]}]},{"@type":"BreadcrumbList","@id":"https:\/\/www.itpartner.si\/storitve-po-narocilu\/#breadcrumb","itemListElement":[{"@type":"ListItem","position":1,"name":"Home","item":"https:\/\/www.itpartner.si\/"},{"@type":"ListItem","position":2,"name":"Ostale storitve"}]},{"@type":"WebSite","@id":"https:\/\/www.itpartner.si\/#website","url":"https:\/\/www.itpartner.si\/","name":"ITPartner d.o.o.","description":"Your dream. Our passion.","publisher":{"@id":"https:\/\/www.itpartner.si\/#organization"},"potentialAction":[{"@type":"SearchAction","target":{"@type":"EntryPoint","urlTemplate":"https:\/\/www.itpartner.si\/?s={search_term_string}"},"query-input":{"@type":"PropertyValueSpecification","valueRequired":true,"valueName":"search_term_string"}}],"inLanguage":"en-US"},{"@type":"Organization","@id":"https:\/\/www.itpartner.si\/#organization","name":"ITPartner d.o.o.","url":"https:\/\/www.itpartner.si\/","logo":{"@type":"ImageObject","inLanguage":"en-US","@id":"https:\/\/www.itpartner.si\/#\/schema\/logo\/image\/","url":"https:\/\/www.itpartner.si\/wp-content\/uploads\/2016\/12\/cropped-ITPartner-LinkInLogo-1.png","contentUrl":"https:\/\/www.itpartner.si\/wp-content\/uploads\/2016\/12\/cropped-ITPartner-LinkInLogo-1.png","width":512,"height":512,"caption":"ITPartner d.o.o."},"image":{"@id":"https:\/\/www.itpartner.si\/#\/schema\/logo\/image\/"},"sameAs":["https:\/\/www.facebook.com\/ITPartner.doo","https:\/\/www.linkedin.com\/company\/10126897\/"]}]}},"_links":{"self":[{"href":"https:\/\/www.itpartner.si\/en\/wp-json\/wp\/v2\/pages\/552","targetHints":{"allow":["GET"]}}],"collection":[{"href":"https:\/\/www.itpartner.si\/en\/wp-json\/wp\/v2\/pages"}],"about":[{"href":"https:\/\/www.itpartner.si\/en\/wp-json\/wp\/v2\/types\/page"}],"author":[{"embeddable":true,"href":"https:\/\/www.itpartner.si\/en\/wp-json\/wp\/v2\/users\/1"}],"replies":[{"embeddable":true,"href":"https:\/\/www.itpartner.si\/en\/wp-json\/wp\/v2\/comments?post=552"}],"version-history":[{"count":0,"href":"https:\/\/www.itpartner.si\/en\/wp-json\/wp\/v2\/pages\/552\/revisions"}],"wp:attachment":[{"href":"https:\/\/www.itpartner.si\/en\/wp-json\/wp\/v2\/media?parent=552"}],"curies":[{"name":"wp","href":"https:\/\/api.w.org\/{rel}","templated":true}]}}