{"id":554,"date":"2016-12-20T13:23:15","date_gmt":"2016-12-20T12:23:15","guid":{"rendered":"https:\/\/www.itpartner.si\/?page_id=554"},"modified":"2024-01-29T23:55:14","modified_gmt":"2024-01-29T22:55:14","slug":"izdelava-najem-oblak-aplikacije-programi","status":"publish","type":"page","link":"https:\/\/www.itpartner.si\/en\/izdelava-najem-oblak-aplikacije-programi\/","title":{"rendered":"Custom application creation"},"content":{"rendered":"<div id=\"pl-554\"  class=\"panel-layout\" ><div id=\"pg-554-0\"  class=\"panel-grid panel-has-style\" ><div style=\"padding: 100px 0; \" data-overlay=\"true\" class=\"panel-row-style panel-row-style-for-554-0\" ><div id=\"pgc-554-0-0\"  class=\"panel-grid-cell\" ><div id=\"panel-554-0-0-0\" class=\"so-panel widget widget_sow-editor panel-first-child panel-last-child\" data-index=\"0\" ><div style=\"text-align: left;\" data-title-color=\"#443f3f\" data-headings-color=\"#443f3f\" class=\"panel-widget-style panel-widget-style-for-554-0-0-0\" ><div\n\t\t\t\n\t\t\tclass=\"so-widget-sow-editor so-widget-sow-editor-base\"\n\t\t\t\n\t\t>\n<div class=\"siteorigin-widget-tinymce textwidget\">\n\t<p>Na\u0161a ponudba na podro\u010dju razvoja <strong>spletnih aplikacij<\/strong> zajema vse potrebne storitve\u00a0 in vam zagotavlja <strong>strokovno analizo poslovnih zahtev ter svetovanje, razvoj, uvajanje in vzdr\u017eevanje vseh oblik spletnih aplikacij<\/strong>.<\/p>\n<p>Zaradi uporabe odprtih sistemov so <strong>stro\u0161ki postavitve stre\u017enikov ni\u017eji<\/strong> kot v ostalih primerih.<\/p>\n<p><strong>Na\u0161a znanja<\/strong> obsegajo:<\/p>\n<ul>\n<li><strong>Sistemska okolja<\/strong> (postavitev in vzdr\u017eevanje, delovna postaja\/stre\u017enik):<br \/>\nMicrosoft Windows, Linux, OS X<\/li>\n<li><strong>Programski jeziki in ostala znanja<\/strong>:<br \/>\nMicrosoft C#, Microsoft Dynamics CRM, Microsoft Sharepoint, PHP, HTML, HTML5, DHTML, Javascript, XML, CSS, Ajax, Extjs, jQuery, jQuery Mobile<\/li>\n<li><strong>Podatkovne baze<\/strong>:<br \/>\nMicrosoft SQL, MySQL, Oracle<\/li>\n<\/ul>\n<\/div>\n<\/div><\/div><\/div><\/div><div id=\"pgc-554-0-1\"  class=\"panel-grid-cell\" ><div id=\"panel-554-0-1-0\" class=\"so-panel widget widget_sow-image panel-first-child panel-last-child\" data-index=\"1\" ><div style=\"text-align: left;\" data-title-color=\"#443f3f\" data-headings-color=\"#443f3f\" class=\"panel-widget-style panel-widget-style-for-554-0-1-0\" ><div\n\t\t\t\n\t\t\tclass=\"so-widget-sow-image so-widget-sow-image-default-dbf295114b96-554\"\n\t\t\t\n\t\t>\n<div class=\"sow-image-container\">\n\t\t<img \n\tsrc=\"https:\/\/www.itpartner.si\/wp-content\/uploads\/2015\/03\/naprave.jpg\" width=\"1024\" height=\"576\" srcset=\"https:\/\/www.itpartner.si\/wp-content\/uploads\/2015\/03\/naprave.jpg 1024w, https:\/\/www.itpartner.si\/wp-content\/uploads\/2015\/03\/naprave-300x169.jpg 300w, https:\/\/www.itpartner.si\/wp-content\/uploads\/2015\/03\/naprave-768x432.jpg 768w, https:\/\/www.itpartner.si\/wp-content\/uploads\/2015\/03\/naprave-830x467.jpg 830w, https:\/\/www.itpartner.si\/wp-content\/uploads\/2015\/03\/naprave-230x129.jpg 230w, https:\/\/www.itpartner.si\/wp-content\/uploads\/2015\/03\/naprave-350x197.jpg 350w, https:\/\/www.itpartner.si\/wp-content\/uploads\/2015\/03\/naprave-480x270.jpg 480w\" sizes=\"(max-width: 1024px) 100vw, 1024px\" alt=\"\" \t\tclass=\"so-widget-image\"\/>\n\t<\/div>\n\n<\/div><\/div><\/div><\/div><\/div><\/div><div id=\"pg-554-1\"  class=\"panel-grid panel-has-style\" ><div style=\"padding: 100px 0; \" data-overlay=\"true\" class=\"panel-row-style panel-row-style-for-554-1\" ><div id=\"pgc-554-1-0\"  class=\"panel-grid-cell\" ><div id=\"panel-554-1-0-0\" class=\"so-panel widget widget_sow-editor panel-first-child panel-last-child\" data-index=\"2\" ><div style=\"text-align: left;\" data-title-color=\"#443f3f\" data-headings-color=\"#443f3f\" class=\"panel-widget-style panel-widget-style-for-554-1-0-0\" ><div\n\t\t\t\n\t\t\tclass=\"so-widget-sow-editor so-widget-sow-editor-base\"\n\t\t\t\n\t\t>\n<div class=\"siteorigin-widget-tinymce textwidget\">\n\t<p>Nudimo vam:<\/p>\n<ul>\n<li><strong>analizo in svetovanje<\/strong><\/li>\n<li>razvoj in programiranje aplikacije po naro\u010dilu<\/li>\n<li><strong>migracijo ali sinhronizacijo<\/strong> z obstoje\u010dimi aplikacijami<\/li>\n<li>testiranje aplikacije<\/li>\n<li>implementacijo aplikacij<\/li>\n<li>uvajanje v delo<\/li>\n<li>podporne storitve<\/li>\n<li>celovitost razvojnega cikla in uporabe<\/li>\n<li><strong>optimizacijo procesov<\/strong><\/li>\n<\/ul>\n<\/div>\n<\/div><\/div><\/div><\/div><div id=\"pgc-554-1-1\"  class=\"panel-grid-cell\" ><div id=\"panel-554-1-1-0\" class=\"so-panel widget widget_sow-editor panel-first-child panel-last-child\" data-index=\"3\" ><div style=\"text-align: left;\" data-title-color=\"#443f3f\" data-headings-color=\"#443f3f\" class=\"panel-widget-style panel-widget-style-for-554-1-1-0\" ><div\n\t\t\t\n\t\t\tclass=\"so-widget-sow-editor so-widget-sow-editor-base\"\n\t\t\t\n\t\t>\n<div class=\"siteorigin-widget-tinymce textwidget\">\n\t<p>Na\u0161e <strong>spletne aplikacije<\/strong> delujejo v vseh ve\u010djih brskalnikih:<\/p>\n<ul>\n<li>Internet Explorer 6+<\/li>\n<li>Microsoft Edge<\/li>\n<li>FireFox 1.5+<\/li>\n<li>Safari 3+<\/li>\n<li>Chrome 3+<\/li>\n<li>Opera 9+<\/li>\n<\/ul>\n<p>Nudimo tudi izdelavo <strong>mobilnih aplikacij<\/strong>,\u00a0ki delujejo v operacijskem sistemu <strong>Andorid<\/strong> in so povezane z <strong>obla\u010dnimi<\/strong> <strong>storitvami<\/strong>.<\/p>\n<\/div>\n<\/div><\/div><\/div><\/div><\/div><\/div><div id=\"pg-554-2\"  class=\"panel-grid panel-has-style\" ><div style=\"padding: 100px 0; \" data-overlay=\"true\" class=\"panel-row-style panel-row-style-for-554-2\" ><div id=\"pgc-554-2-0\"  class=\"panel-grid-cell\" ><div id=\"panel-554-2-0-0\" class=\"so-panel widget widget_sow-image panel-first-child panel-last-child\" data-index=\"4\" ><div style=\"text-align: left;\" data-title-color=\"#443f3f\" data-headings-color=\"#443f3f\" class=\"panel-widget-style panel-widget-style-for-554-2-0-0\" ><div\n\t\t\t\n\t\t\tclass=\"so-widget-sow-image so-widget-sow-image-default-dbf295114b96-554\"\n\t\t\t\n\t\t>\n<div class=\"sow-image-container\">\n\t\t<img \n\tsrc=\"https:\/\/www.itpartner.si\/wp-content\/uploads\/2016\/12\/cesta.jpg\" width=\"1024\" height=\"592\" srcset=\"https:\/\/www.itpartner.si\/wp-content\/uploads\/2016\/12\/cesta.jpg 1024w, https:\/\/www.itpartner.si\/wp-content\/uploads\/2016\/12\/cesta-300x173.jpg 300w, https:\/\/www.itpartner.si\/wp-content\/uploads\/2016\/12\/cesta-768x444.jpg 768w, https:\/\/www.itpartner.si\/wp-content\/uploads\/2016\/12\/cesta-830x480.jpg 830w, https:\/\/www.itpartner.si\/wp-content\/uploads\/2016\/12\/cesta-230x133.jpg 230w, https:\/\/www.itpartner.si\/wp-content\/uploads\/2016\/12\/cesta-350x202.jpg 350w, https:\/\/www.itpartner.si\/wp-content\/uploads\/2016\/12\/cesta-480x278.jpg 480w\" sizes=\"(max-width: 1024px) 100vw, 1024px\" alt=\"\" \t\tclass=\"so-widget-image\"\/>\n\t<\/div>\n\n<\/div><\/div><\/div><\/div><div id=\"pgc-554-2-1\"  class=\"panel-grid-cell\" ><div id=\"panel-554-2-1-0\" class=\"so-panel widget widget_sow-editor panel-first-child panel-last-child\" data-index=\"5\" ><div style=\"text-align: left;\" data-title-color=\"#443f3f\" data-headings-color=\"#443f3f\" class=\"panel-widget-style panel-widget-style-for-554-2-1-0\" ><div\n\t\t\t\n\t\t\tclass=\"so-widget-sow-editor so-widget-sow-editor-base\"\n\t\t\t\n\t\t>\n<div class=\"siteorigin-widget-tinymce textwidget\">\n\t<p>Najnovej\u0161a na\u0161a storitev je izdelava aplikacij kot <strong>obla\u010dne storitve<\/strong>, kar pomeni, da se pri razvoju ni\u017eji stro\u0161ek in se obra\u010dunava <strong>mese\u010dna najemnina<\/strong>.<\/p>\n<p>Prednosti takih aplikacij:<\/p>\n<ul>\n<li><strong>ne potrebujete stre\u017enika<\/strong> in z njim povezanim vzdr\u017eevanjem<\/li>\n<li>storitev\u00a0in podatki se nahajajo na stre\u017eniku in se <strong>vsakodnevno arhivirajo<\/strong><\/li>\n<li>v primeru, da se vam <strong>pokvari ra\u010dunalnik<\/strong> lahko dostopate do storitve\u00a0iz <strong>drugega ra\u010dunalnika<\/strong><\/li>\n<li><strong>dostop do aplikacije je 24\/7<\/strong> in kjerkoli na svetu<\/li>\n<li><strong>varnost storitev<\/strong>\u00a0je na nivoju <strong>ban\u010dnih storitev na spletu<\/strong><\/li>\n<li>omogo\u010dena povezava med <strong>obla\u010dno<\/strong>\u00a0storitvijo\u00a0in <strong>mobilno<\/strong> aplikacijo za operacijski sistem\u00a0<strong>Android<\/strong><\/li>\n<\/ul>\n<\/div>\n<\/div><\/div><\/div><\/div><\/div><\/div><\/div>","protected":false},"excerpt":{"rendered":"<p>Na\u0161a ponudba na podro\u010dju razvoja spletnih aplikacij zajema vse potrebne storitve\u00a0 in vam zagotavlja strokovno analizo poslovnih zahtev ter svetovanje, razvoj, uvajanje [&hellip;]<\/p>\n","protected":false},"author":1,"featured_media":0,"parent":0,"menu_order":0,"comment_status":"closed","ping_status":"closed","template":"page-templates\/page_fullwidth.php","meta":{"om_disable_all_campaigns":false,"_monsterinsights_skip_tracking":false,"_monsterinsights_sitenote_active":false,"_monsterinsights_sitenote_note":"","_monsterinsights_sitenote_category":0,"_maio_target_audience":"","_maio_content_type":"","_maio_primary_entity":"","_maio_canonical_url":"","_maio_last_updated":"","_maio_author":"","_maio_content_intent":"","_maio_ai_generated":"","footnotes":""},"class_list":["post-554","page","type-page","status-publish","hentry"],"aioseo_notices":[],"yoast_head":"<!-- This site is optimized with the Yoast SEO plugin v27.4 - https:\/\/yoast.com\/product\/yoast-seo-wordpress\/ -->\n<title>Izdelava aplikacij po naro\u010dilu - ITPartner d.o.o.<\/title>\n<meta name=\"robots\" content=\"index, follow, max-snippet:-1, max-image-preview:large, max-video-preview:-1\" \/>\n<link rel=\"canonical\" href=\"https:\/\/www.itpartner.si\/en\/izdelava-najem-oblak-aplikacije-programi\/\" \/>\n<meta property=\"og:locale\" content=\"en_US\" \/>\n<meta property=\"og:type\" content=\"article\" \/>\n<meta property=\"og:title\" content=\"Izdelava aplikacij po naro\u010dilu - ITPartner d.o.o.\" \/>\n<meta property=\"og:description\" content=\"Na\u0161a ponudba na podro\u010dju razvoja spletnih aplikacij zajema vse potrebne storitve\u00a0 in vam zagotavlja strokovno analizo poslovnih zahtev ter svetovanje, razvoj, uvajanje [&hellip;]\" \/>\n<meta property=\"og:url\" content=\"https:\/\/www.itpartner.si\/en\/izdelava-najem-oblak-aplikacije-programi\/\" \/>\n<meta property=\"og:site_name\" content=\"ITPartner d.o.o.\" \/>\n<meta property=\"article:publisher\" content=\"https:\/\/www.facebook.com\/ITPartner.doo\" \/>\n<meta property=\"article:modified_time\" content=\"2024-01-29T22:55:14+00:00\" \/>\n<meta name=\"twitter:card\" content=\"summary_large_image\" \/>\n<meta name=\"twitter:label1\" content=\"Est. reading time\" \/>\n\t<meta name=\"twitter:data1\" content=\"1 minute\" \/>\n<script type=\"application\/ld+json\" class=\"yoast-schema-graph\">{\"@context\":\"https:\\\/\\\/schema.org\",\"@graph\":[{\"@type\":\"WebPage\",\"@id\":\"https:\\\/\\\/www.itpartner.si\\\/izdelava-najem-oblak-aplikacije-programi\\\/\",\"url\":\"https:\\\/\\\/www.itpartner.si\\\/izdelava-najem-oblak-aplikacije-programi\\\/\",\"name\":\"Izdelava aplikacij po naro\u010dilu - ITPartner d.o.o.\",\"isPartOf\":{\"@id\":\"https:\\\/\\\/www.itpartner.si\\\/#website\"},\"datePublished\":\"2016-12-20T12:23:15+00:00\",\"dateModified\":\"2024-01-29T22:55:14+00:00\",\"breadcrumb\":{\"@id\":\"https:\\\/\\\/www.itpartner.si\\\/izdelava-najem-oblak-aplikacije-programi\\\/#breadcrumb\"},\"inLanguage\":\"en-US\",\"potentialAction\":[{\"@type\":\"ReadAction\",\"target\":[\"https:\\\/\\\/www.itpartner.si\\\/izdelava-najem-oblak-aplikacije-programi\\\/\"]}]},{\"@type\":\"BreadcrumbList\",\"@id\":\"https:\\\/\\\/www.itpartner.si\\\/izdelava-najem-oblak-aplikacije-programi\\\/#breadcrumb\",\"itemListElement\":[{\"@type\":\"ListItem\",\"position\":1,\"name\":\"Home\",\"item\":\"https:\\\/\\\/www.itpartner.si\\\/\"},{\"@type\":\"ListItem\",\"position\":2,\"name\":\"Izdelava aplikacij po naro\u010dilu\"}]},{\"@type\":\"WebSite\",\"@id\":\"https:\\\/\\\/www.itpartner.si\\\/#website\",\"url\":\"https:\\\/\\\/www.itpartner.si\\\/\",\"name\":\"ITPartner d.o.o.\",\"description\":\"Va\u0161e sanje. Na\u0161a strast.\",\"publisher\":{\"@id\":\"https:\\\/\\\/www.itpartner.si\\\/#organization\"},\"potentialAction\":[{\"@type\":\"SearchAction\",\"target\":{\"@type\":\"EntryPoint\",\"urlTemplate\":\"https:\\\/\\\/www.itpartner.si\\\/?s={search_term_string}\"},\"query-input\":{\"@type\":\"PropertyValueSpecification\",\"valueRequired\":true,\"valueName\":\"search_term_string\"}}],\"inLanguage\":\"en-US\"},{\"@type\":\"Organization\",\"@id\":\"https:\\\/\\\/www.itpartner.si\\\/#organization\",\"name\":\"ITPartner d.o.o.\",\"url\":\"https:\\\/\\\/www.itpartner.si\\\/\",\"logo\":{\"@type\":\"ImageObject\",\"inLanguage\":\"en-US\",\"@id\":\"https:\\\/\\\/www.itpartner.si\\\/#\\\/schema\\\/logo\\\/image\\\/\",\"url\":\"https:\\\/\\\/www.itpartner.si\\\/wp-content\\\/uploads\\\/2016\\\/12\\\/cropped-ITPartner-LinkInLogo-1.png\",\"contentUrl\":\"https:\\\/\\\/www.itpartner.si\\\/wp-content\\\/uploads\\\/2016\\\/12\\\/cropped-ITPartner-LinkInLogo-1.png\",\"width\":512,\"height\":512,\"caption\":\"ITPartner d.o.o.\"},\"image\":{\"@id\":\"https:\\\/\\\/www.itpartner.si\\\/#\\\/schema\\\/logo\\\/image\\\/\"},\"sameAs\":[\"https:\\\/\\\/www.facebook.com\\\/ITPartner.doo\",\"https:\\\/\\\/www.linkedin.com\\\/company\\\/10126897\\\/\"]}]}<\/script>\n<!-- \/ Yoast SEO plugin. -->","yoast_head_json":{"title":"Izdelava aplikacij po naro\u010dilu - ITPartner d.o.o.","robots":{"index":"index","follow":"follow","max-snippet":"max-snippet:-1","max-image-preview":"max-image-preview:large","max-video-preview":"max-video-preview:-1"},"canonical":"https:\/\/www.itpartner.si\/en\/izdelava-najem-oblak-aplikacije-programi\/","og_locale":"en_US","og_type":"article","og_title":"Izdelava aplikacij po naro\u010dilu - ITPartner d.o.o.","og_description":"Na\u0161a ponudba na podro\u010dju razvoja spletnih aplikacij zajema vse potrebne storitve\u00a0 in vam zagotavlja strokovno analizo poslovnih zahtev ter svetovanje, razvoj, uvajanje [&hellip;]","og_url":"https:\/\/www.itpartner.si\/en\/izdelava-najem-oblak-aplikacije-programi\/","og_site_name":"ITPartner d.o.o.","article_publisher":"https:\/\/www.facebook.com\/ITPartner.doo","article_modified_time":"2024-01-29T22:55:14+00:00","twitter_card":"summary_large_image","twitter_misc":{"Est. reading time":"1 minute"},"schema":{"@context":"https:\/\/schema.org","@graph":[{"@type":"WebPage","@id":"https:\/\/www.itpartner.si\/izdelava-najem-oblak-aplikacije-programi\/","url":"https:\/\/www.itpartner.si\/izdelava-najem-oblak-aplikacije-programi\/","name":"Izdelava aplikacij po naro\u010dilu - ITPartner d.o.o.","isPartOf":{"@id":"https:\/\/www.itpartner.si\/#website"},"datePublished":"2016-12-20T12:23:15+00:00","dateModified":"2024-01-29T22:55:14+00:00","breadcrumb":{"@id":"https:\/\/www.itpartner.si\/izdelava-najem-oblak-aplikacije-programi\/#breadcrumb"},"inLanguage":"en-US","potentialAction":[{"@type":"ReadAction","target":["https:\/\/www.itpartner.si\/izdelava-najem-oblak-aplikacije-programi\/"]}]},{"@type":"BreadcrumbList","@id":"https:\/\/www.itpartner.si\/izdelava-najem-oblak-aplikacije-programi\/#breadcrumb","itemListElement":[{"@type":"ListItem","position":1,"name":"Home","item":"https:\/\/www.itpartner.si\/"},{"@type":"ListItem","position":2,"name":"Izdelava aplikacij po naro\u010dilu"}]},{"@type":"WebSite","@id":"https:\/\/www.itpartner.si\/#website","url":"https:\/\/www.itpartner.si\/","name":"ITPartner d.o.o.","description":"Your dream. Our passion.","publisher":{"@id":"https:\/\/www.itpartner.si\/#organization"},"potentialAction":[{"@type":"SearchAction","target":{"@type":"EntryPoint","urlTemplate":"https:\/\/www.itpartner.si\/?s={search_term_string}"},"query-input":{"@type":"PropertyValueSpecification","valueRequired":true,"valueName":"search_term_string"}}],"inLanguage":"en-US"},{"@type":"Organization","@id":"https:\/\/www.itpartner.si\/#organization","name":"ITPartner d.o.o.","url":"https:\/\/www.itpartner.si\/","logo":{"@type":"ImageObject","inLanguage":"en-US","@id":"https:\/\/www.itpartner.si\/#\/schema\/logo\/image\/","url":"https:\/\/www.itpartner.si\/wp-content\/uploads\/2016\/12\/cropped-ITPartner-LinkInLogo-1.png","contentUrl":"https:\/\/www.itpartner.si\/wp-content\/uploads\/2016\/12\/cropped-ITPartner-LinkInLogo-1.png","width":512,"height":512,"caption":"ITPartner d.o.o."},"image":{"@id":"https:\/\/www.itpartner.si\/#\/schema\/logo\/image\/"},"sameAs":["https:\/\/www.facebook.com\/ITPartner.doo","https:\/\/www.linkedin.com\/company\/10126897\/"]}]}},"_links":{"self":[{"href":"https:\/\/www.itpartner.si\/en\/wp-json\/wp\/v2\/pages\/554","targetHints":{"allow":["GET"]}}],"collection":[{"href":"https:\/\/www.itpartner.si\/en\/wp-json\/wp\/v2\/pages"}],"about":[{"href":"https:\/\/www.itpartner.si\/en\/wp-json\/wp\/v2\/types\/page"}],"author":[{"embeddable":true,"href":"https:\/\/www.itpartner.si\/en\/wp-json\/wp\/v2\/users\/1"}],"replies":[{"embeddable":true,"href":"https:\/\/www.itpartner.si\/en\/wp-json\/wp\/v2\/comments?post=554"}],"version-history":[{"count":0,"href":"https:\/\/www.itpartner.si\/en\/wp-json\/wp\/v2\/pages\/554\/revisions"}],"wp:attachment":[{"href":"https:\/\/www.itpartner.si\/en\/wp-json\/wp\/v2\/media?parent=554"}],"curies":[{"name":"wp","href":"https:\/\/api.w.org\/{rel}","templated":true}]}}